{"id":707,"date":"2019-03-05T02:18:37","date_gmt":"2019-03-05T02:18:37","guid":{"rendered":"http:\/\/stopthemarchmadness.com\/?page_id=707"},"modified":"2019-03-05T02:19:47","modified_gmt":"2019-03-05T02:19:47","slug":"victims-advice","status":"publish","type":"page","link":"https:\/\/stopthemarchmadness.com\/fr\/fraud-recovery\/victims-advice\/","title":{"rendered":"Victims Advice"},"content":{"rendered":"\n\t<h2><strong>AVIS DE LA VICTIME N \u00b0 3: QUE FAIRE APR\u00c8S DECHAUSSE<\/strong><\/h2>\n<h3><strong>Protection financi\u00e8re<\/strong><\/h3>\n<ul>\n<li>imm\u00e9diatement signaler la fraude \u00e0 la police, \u00e0 la pr\u00e9vention du crime et au Centre canadien de lutte antifraude signaler<\/li>\n<li>imm\u00e9diatement les cartes de cr\u00e9dit \/ d\u00e9bit perdues ou vol\u00e9es, le permis de conduire, la carte d\u2019assurance sociale, le passeport<\/li>\n<li>contactez vos institutions financi\u00e8res de cr\u00e9dit<\/li>\n<li>annuler des cartes, changer les PINS<\/li>\n<li>obtenir un rapport de cr\u00e9dit (Credit Karma, Equifax, Transunion) et ajouter une alerte de fraude \u00e0 votre dossier de cr\u00e9dit (avertit les cr\u00e9anciers que vous \u00eates victime de fraude par carte de cr\u00e9dit)<\/li>\n<li>recherchez tous les ch\u00e8ques manquants<\/li>\n<li>consultation avec plusieurs conseillers financiers, ombudsman bancaire-insolvabilit\u00e9 des options, faillite &#8211; surveillez r\u00e9guli\u00e8rement vos cartes de cr\u00e9dit et vos comptes bancaires<\/li>\n<li>Cr\u00e9ez plus de s\u00e9curit\u00e9 (demandez \u00e0 votre banque), par exemple ajoutez une question personnelle ou un num\u00e9ro de t\u00e9l\u00e9phone pour toute modification, d\u00e9finissez des limites journali\u00e8res basses sur vos comptes.<\/li>\n<li>cr\u00e9er des mots de passe forts et uniques et en utiliser diff\u00e9rents &#8211; prot\u00e9gez toujours votre NIP lors de la saisie, demandez \u00e0 la personne de prendre du recul si besoin est\u2026 c\u2019est votre argent de vie d\u00e9chiqueter \/ d\u00e9truire toute information personnelle et financi\u00e8re (y compris les cartes de cr\u00e9dit pr\u00e9approuv\u00e9es) maintenir \u00e0 jour les virus et les logiciels anti-espions sur votre ordinateur, vos tablettes et vos t\u00e9l\u00e9phones; faire un scan imm\u00e9diatement une fois arnaqu\u00e9<\/li>\n<li>notez vos amis, votre famille et votre communaut\u00e9<\/li>\n<\/ul>\n<h3><strong>Protection personnelle -changez les serrures de votre maison<\/strong><\/h3>\n<ul>\n<li>la vid\u00e9osurveillance externe peut vous faire savoir si quelque chose de plus de 5 \u2019entre dans la propri\u00e9t\u00e9<\/li>\n<li>alarme int\u00e9rieure syst\u00e8me-alertes si quelqu&rsquo;un ouvre des portes ou une fen\u00eatre, peut payer professionnel ou le faire vous-m\u00eame<\/li>\n<li>avoir un plan d&rsquo;\u00e9vacuation<\/li>\n<li>prendre des cours d&rsquo;autod\u00e9fense<\/li>\n<li>pr\u00e9parez vos enfants \u00e0 la pr\u00e9vention des enl\u00e8vements-leur apprenez \u00e0 se d\u00e9fendre<\/li>\n<li>obtenez un sifflet de viol, une alarme personnelle et \/ ou un spray au poivre (chien \/ ours) pour vous et vos enfants<\/li>\n<li>informez vos voisins de la menace et demandez-leur d&rsquo;informer la police de toute activit\u00e9 suspecte<\/li>\n<li>obtenir des conseils- apprenez la le\u00e7on, appr\u00e9ciez ce que vous avez, ne laissez pas l\u2019escroc g\u00e2cher votre avenir, ni celui de<\/li>\n<li>obtenez-vous examin\u00e9 pour une maladie sexuellement transmissible<\/li>\n<li>\u00e9duquez-vous sur ce qui s&rsquo;est pass\u00e9, pour comprendre: le criminel, pourquoi vous avez \u00e9t\u00e9 cibl\u00e9, comment vous pouvez \u00eatre plus en s\u00e9curit\u00e9 dans le futur, et que vous n&rsquo;\u00eates certainement pas seul, que vous \u00eates l&rsquo;un de ceux qui ont \u00e9t\u00e9 arnaqu\u00e9s et continueront de l&rsquo;\u00eatre arnaqu\u00e9 \u00e0 moins que tout le monde prenne position et le signale<\/li>\n<\/ul>\n<h3><strong>Protection personnelle sur un budget<\/strong><\/h3>\n<ul>\n<li>commutez vos serrures \u00e0 l&rsquo;avant ou \u00e0 l&rsquo;arri\u00e8re -Obtenez une fausse cam\u00e9ra de surveillance et \/ ou mettez des autocollants<\/li>\n<li>demander \u00e0 un club local de vous parrainer pour l&rsquo;autod\u00e9fense Demander \u00e0 la police et \/ ou \u00e0 votre m\u00e9decin des consultations gratuites<\/li>\n<li>vous et vos enfants regardent des vid\u00e9os d&rsquo;autod\u00e9fense, certaines sont sur notre site web<\/li>\n<li>faites ce que vous devez faire pour devenir \u00e0 l&rsquo;aise et habilit\u00e9 \u00e0 mener une vie sain<\/li>\n<\/ul>\n<p><strong>Avertissement<\/strong> &#8211; <em>pas un professionnel qualifi\u00e9, vous devez utiliser votre propre jugement pour les d\u00e9cisions<\/em><\/p>\n","protected":false},"excerpt":{"rendered":"<p>AVIS DE LA VICTIME N \u00b0 3: QUE FAIRE APR\u00c8S DECHAUSSE Protection financi\u00e8re imm\u00e9diatement signaler la fraude \u00e0 la police,&hellip;<\/p>\n","protected":false},"author":1,"featured_media":442,"parent":454,"menu_order":0,"comment_status":"closed","ping_status":"closed","template":"","meta":{"footnotes":""},"_links":{"self":[{"href":"https:\/\/stopthemarchmadness.com\/fr\/wp-json\/wp\/v2\/pages\/707"}],"collection":[{"href":"https:\/\/stopthemarchmadness.com\/fr\/wp-json\/wp\/v2\/pages"}],"about":[{"href":"https:\/\/stopthemarchmadness.com\/fr\/wp-json\/wp\/v2\/types\/page"}],"author":[{"embeddable":true,"href":"https:\/\/stopthemarchmadness.com\/fr\/wp-json\/wp\/v2\/users\/1"}],"replies":[{"embeddable":true,"href":"https:\/\/stopthemarchmadness.com\/fr\/wp-json\/wp\/v2\/comments?post=707"}],"version-history":[{"count":2,"href":"https:\/\/stopthemarchmadness.com\/fr\/wp-json\/wp\/v2\/pages\/707\/revisions"}],"predecessor-version":[{"id":709,"href":"https:\/\/stopthemarchmadness.com\/fr\/wp-json\/wp\/v2\/pages\/707\/revisions\/709"}],"up":[{"embeddable":true,"href":"https:\/\/stopthemarchmadness.com\/fr\/wp-json\/wp\/v2\/pages\/454"}],"wp:featuredmedia":[{"embeddable":true,"href":"https:\/\/stopthemarchmadness.com\/fr\/wp-json\/wp\/v2\/media\/442"}],"wp:attachment":[{"href":"https:\/\/stopthemarchmadness.com\/fr\/wp-json\/wp\/v2\/media?parent=707"}],"curies":[{"name":"wp","href":"https:\/\/api.w.org\/{rel}","templated":true}]}}