{"id":618,"date":"2019-02-19T04:38:39","date_gmt":"2019-02-19T04:38:39","guid":{"rendered":"http:\/\/stopthemarchmadness.com\/?page_id=618"},"modified":"2019-02-28T20:40:48","modified_gmt":"2019-02-28T20:40:48","slug":"victims-advice","status":"publish","type":"page","link":"https:\/\/stopthemarchmadness.com\/fr\/fraud-protection\/victims-advice\/","title":{"rendered":"Avis de la Victime"},"content":{"rendered":"\n<h2><strong>Avis de la Victime N \u00b0 3: \u00c9viter L&rsquo;Artine<\/strong><\/h2>\n<ul>\n<li>ne donnez jamais de code PIN, d&rsquo;informations de compte bancaire ni de num\u00e9ro d&rsquo;assurance sociale<\/li>\n<li>m\u00eame s&rsquo;il \/ elle offre de vous rembourser directement sur votre compte, insistez pour qu&rsquo;il vous l&rsquo;envoie par e-mail<\/li>\n<li>Sois conscient de tes faiblesses &#8211; les miennes \u00e9taient bienveillantes et aidaient les gens\u2026 cela faisait de moi une grande cible<\/li>\n<li>si quelque chose semble trop beau pour \u00eatre vrai, c&rsquo;est g\u00e9n\u00e9ralement<\/li>\n<li>mon intuition criait juste non, non, non mais il n&rsquo;y avait aucune autre preuve-tout le monde disait qu&rsquo;il est parfait pour moi, \u00e9coute-toi, fais-toi confiance<\/li>\n<li>ils seront press\u00e9s, auront une urgence qui s&rsquo;aggravera avec une histoire compliqu\u00e9e<\/li>\n<li>ils vont appliquer la pression et la culpabilit\u00e9<\/li>\n<li>ils vont commencer par une petite requ\u00eate et ensuite continuellement<\/li>\n<li>Ils ne voudront que de l&rsquo;argent car il est moins tra\u00e7able Demandez-vous pourquoi je devrais \u00eatre responsable de ses moments difficiles, pourquoi n\u2019ont-ils pas de syst\u00e8me de soutien ou de syst\u00e8me d\u2019appui, ce sont des adultes et ils devraient \u00eatre autonomes demandez-vous que feriez-vous dans une telle situation<\/li>\n<li>\u00eatre conscient du biais de confirmation-une fois que vous d\u00e9cidez qu&rsquo;il \/ elle est bon, il est tr\u00e8s difficile de changer d&rsquo;avis parce que vous recherchez automatiquement des informations pour confirmer votre opinion d\u00e9j\u00e0 \u00e9mise<\/li>\n<li>Essayez de voir comment ils vivent &#8211; soyez conscients qu\u2019ils peuvent passer chez leur voisin (ceci m\u2019est arriv\u00e9)<\/li>\n<li>beaucoup de escrocs sont tr\u00e8s charismatiques et ont donc beaucoup d&rsquo;amis superficiels \u00e0 court terme, les amis \u00e0 court terme sont plus risqu\u00e9s, les amis \u00e0 long terme sont plus stables<\/li>\n<li>essayer de v\u00e9rifier la demande ou l&rsquo;histoire &#8211; bien qu&rsquo;ils soient des menteurs experts, mon gars avait des photos, des diagrammes, pris de nombreux appels t\u00e9l\u00e9phoniques, etc.<\/li>\n<li>essayez de rencontrer leur famille, parlez-en \u00e0 leur famille &#8211; sachez qu&rsquo;ils ont toujours une histoire pour tout, la mienne \u00e9tait qu&rsquo;il \u00e9tait s\u00e9par\u00e9 de sa famille parce qu&rsquo;ils \u00e9taient violents<\/li>\n<li>surveillez r\u00e9guli\u00e8rement vos cartes de cr\u00e9dit et vos comptes bancaires<\/li>\n<li>d&rsquo;effectuer des v\u00e9rifications de cr\u00e9dit-Credit Karma, Equifax, Transunion<\/li>\n<li>seulement avoir quelques cartes, annuler toutes les cartes inactives<\/li>\n<li>Cr\u00e9ez plus de s\u00e9curit\u00e9 (demandez \u00e0 votre banque), par exemple ajoutez une question personnelle ou un num\u00e9ro de t\u00e9l\u00e9phone pour toute modification, d\u00e9finissez des limites journali\u00e8res basses sur vos comptes.<\/li>\n<li>cr\u00e9er des mots de passe forts et uniques et en utiliser diff\u00e9rents<\/li>\n<li>prot\u00e9gez toujours votre NIP lors de la saisie, demandez \u00e0 la personne de prendre du recul si besoin est\u2026 c\u2019est votre argent de vie d\u00e9chiqueter \/ d\u00e9truire toute information personnelle et financi\u00e8re (y compris les cartes de cr\u00e9dit pr\u00e9approuv\u00e9es) maintenir \u00e0 jour les virus et les logiciels anti-espions sur votre ordinateur, vos tablettes et vos t\u00e9l\u00e9phones<\/li>\n<\/ul>\n<p><strong>Avertissement-pas un professionnel qualifi\u00e9, vous devez utiliser votre propre jugement pour les d\u00e9cisions<\/strong><\/p>\n","protected":false},"excerpt":{"rendered":"<p>Avis de la Victime N \u00b0 3: \u00c9viter L&rsquo;Artine ne donnez jamais de code PIN, d&rsquo;informations de compte bancaire ni&hellip;<\/p>\n","protected":false},"author":1,"featured_media":442,"parent":399,"menu_order":0,"comment_status":"closed","ping_status":"closed","template":"","meta":{"footnotes":""},"_links":{"self":[{"href":"https:\/\/stopthemarchmadness.com\/fr\/wp-json\/wp\/v2\/pages\/618"}],"collection":[{"href":"https:\/\/stopthemarchmadness.com\/fr\/wp-json\/wp\/v2\/pages"}],"about":[{"href":"https:\/\/stopthemarchmadness.com\/fr\/wp-json\/wp\/v2\/types\/page"}],"author":[{"embeddable":true,"href":"https:\/\/stopthemarchmadness.com\/fr\/wp-json\/wp\/v2\/users\/1"}],"replies":[{"embeddable":true,"href":"https:\/\/stopthemarchmadness.com\/fr\/wp-json\/wp\/v2\/comments?post=618"}],"version-history":[{"count":4,"href":"https:\/\/stopthemarchmadness.com\/fr\/wp-json\/wp\/v2\/pages\/618\/revisions"}],"predecessor-version":[{"id":623,"href":"https:\/\/stopthemarchmadness.com\/fr\/wp-json\/wp\/v2\/pages\/618\/revisions\/623"}],"up":[{"embeddable":true,"href":"https:\/\/stopthemarchmadness.com\/fr\/wp-json\/wp\/v2\/pages\/399"}],"wp:featuredmedia":[{"embeddable":true,"href":"https:\/\/stopthemarchmadness.com\/fr\/wp-json\/wp\/v2\/media\/442"}],"wp:attachment":[{"href":"https:\/\/stopthemarchmadness.com\/fr\/wp-json\/wp\/v2\/media?parent=618"}],"curies":[{"name":"wp","href":"https:\/\/api.w.org\/{rel}","templated":true}]}}