{"id":472,"date":"2018-12-18T23:13:40","date_gmt":"2018-12-18T23:13:40","guid":{"rendered":"http:\/\/stopthemarchmadness.com\/?page_id=472"},"modified":"2019-02-28T20:40:48","modified_gmt":"2019-02-28T20:40:48","slug":"about","status":"publish","type":"page","link":"https:\/\/stopthemarchmadness.com\/fr\/about\/","title":{"rendered":"Web \u00e0 propos de"},"content":{"rendered":"\n<h2><strong>Web \u00e0 propos de<\/strong><\/h2>\n<p>Les victimes de fraude ont cr\u00e9\u00e9 la campagne \u201c<strong>Stop the March Madness!<\/strong> \u201d Afin d\u2019emp\u00eacher Marcel Andre Vautour, qui utilise de nombreux pseudonymes comme \u00abMarch\u00bb, de continuer \u00e0 escroquer des personnes partout au Canada. On sait que March s&rsquo;attaque aux hommes et aux femmes de partout au Canada depuis 2000. Jusqu&rsquo;\u00e0 pr\u00e9sent, huit personnes ont \u00e9t\u00e9 victimis\u00e9es. Nous pensons qu&rsquo;il y en a beaucoup d&rsquo;autres qui ne se sont pas manifest\u00e9s, car ils sont peut-\u00eatre seuls, effray\u00e9s, sans ressources et g\u00ean\u00e9s.<\/p>\n<p>Cet homme gagne bien sa vie en trouvant la \u00abmarque id\u00e9ale\u00bb, puis en fa\u00e7onnant son personnage en fonction de ses forces et de ses faiblesses. Il investit \u00e9norm\u00e9ment de temps et d\u2019argent pour gagner leur confiance sans \u00e9quivoque avant de cr\u00e9er un programme d\u2019investissement complexe, un programme de romance ou divers programmes de maladie con\u00e7us pour s\u00e9parer les personnes de leur argent.<\/p>\n<p>\u201cLa campagne \u201c<strong>Stop the March Madness<\/strong>\u201d vise \u00e0 sensibiliser le public \u00e0 March, \u00e0 ses activit\u00e9s et \u00e0 cr\u00e9er un profil personnel pour informer les autres de ses intentions frauduleuses. Une partie de la justice recherch\u00e9e par les victimes consiste \u00e0 emp\u00eacher d\u2019autres victimes de subir un pr\u00e9judice. La campagne d\u00e9veloppe \u00e9galement un syst\u00e8me de soutien pour les victimes de mars. Pour la plupart des victimes, les dommages personnels d\u00e9passent de loin les dommages financiers. Beaucoup ont tent\u00e9 de se suicider.<\/p>\n<p>Si vous souhaitez nous aider \u00e0 arr\u00eater Mars, veuillez participer et faire un don \u00e0 notre campagne. Les fonds serviront \u00e0 le localiser, \u00e0 engager une action civile contre plusieurs plaignants, \u00e0 fournir des services de conseil, de l\u00e9gitime d\u00e9fense et un autre type de soutien \u00e0 ses victimes et \u00e0 assurer la coordination avec la police dans toutes les juridictions afin de l&rsquo;int\u00e9grer au syst\u00e8me de justice p\u00e9nale.<\/p>\n\t<h3>Pourquoi rejoindre et agir maintenant est si important<\/h3>\n<p>Nous aimerions que vous d\u00e9fendiez les personnes qui ne sont pas assez fortes pour se d\u00e9fendre. Ils ont d\u00e9sesp\u00e9r\u00e9ment besoin de savoir comment la v\u00e9rit\u00e9 et la bonne volont\u00e9 l\u2019emporteront. Ils doivent \u00eatre r\u00e9confort\u00e9s par le flot de soutien. Il faut leur rappeler qu&rsquo;ensemble, nous sommes incroyablement forts.<\/p>\n<p>Nous devons agir imm\u00e9diatement pour deux raisons: il travaille probablement sur un plus grand nombre de victimes en ce moment m\u00eame et peut-\u00eatre va-t-il se cacher. Nous savons qu&rsquo;il a fallu 9 longues ann\u00e9es \u00e0 deux femmes pour obtenir un sens de la justice. Nous menons une campagne m\u00e9diatique compl\u00e8te dans l\u2019espoir d\u2019arr\u00eater Mars maintenant et de le traduire en justice dans un d\u00e9lai plus raisonnable. Votre aide nous aidera \u00e0 l&#8217;emp\u00eacher de blesser plus de gens et \u00e0 sauver des vies de ses victimes actuelles et futures.<\/p>\n\t\t<h3>AGIR MAINTENANT!!!<\/h3>\n\t\t<p>La prochaine victime pourrait \u00eatre votre s\u0153ur, m\u00e8re, fille, fr\u00e8re, p\u00e8re, fils. <b>Passez le mot aujourd&rsquo;hui et sauvez des vies!<\/b><\/p>\n\t\t\t<a href=\"http:\/\/stopthemarchmadness.com\/fr\/contact\/\" target=\"_self\" role=\"button\">\n\t\t\t\t\t\tT\u00e9l\u00e9charger\n\t\t\t\t\t<\/a>\n","protected":false},"excerpt":{"rendered":"<p>Web \u00e0 propos de Les victimes de fraude ont cr\u00e9\u00e9 la campagne \u201cStop the March Madness! \u201d Afin d\u2019emp\u00eacher Marcel&hellip;<\/p>\n","protected":false},"author":1,"featured_media":442,"parent":0,"menu_order":0,"comment_status":"closed","ping_status":"closed","template":"","meta":{"footnotes":""},"_links":{"self":[{"href":"https:\/\/stopthemarchmadness.com\/fr\/wp-json\/wp\/v2\/pages\/472"}],"collection":[{"href":"https:\/\/stopthemarchmadness.com\/fr\/wp-json\/wp\/v2\/pages"}],"about":[{"href":"https:\/\/stopthemarchmadness.com\/fr\/wp-json\/wp\/v2\/types\/page"}],"author":[{"embeddable":true,"href":"https:\/\/stopthemarchmadness.com\/fr\/wp-json\/wp\/v2\/users\/1"}],"replies":[{"embeddable":true,"href":"https:\/\/stopthemarchmadness.com\/fr\/wp-json\/wp\/v2\/comments?post=472"}],"version-history":[{"count":17,"href":"https:\/\/stopthemarchmadness.com\/fr\/wp-json\/wp\/v2\/pages\/472\/revisions"}],"predecessor-version":[{"id":605,"href":"https:\/\/stopthemarchmadness.com\/fr\/wp-json\/wp\/v2\/pages\/472\/revisions\/605"}],"wp:featuredmedia":[{"embeddable":true,"href":"https:\/\/stopthemarchmadness.com\/fr\/wp-json\/wp\/v2\/media\/442"}],"wp:attachment":[{"href":"https:\/\/stopthemarchmadness.com\/fr\/wp-json\/wp\/v2\/media?parent=472"}],"curies":[{"name":"wp","href":"https:\/\/api.w.org\/{rel}","templated":true}]}}