{"id":466,"date":"2019-02-15T02:07:37","date_gmt":"2019-02-15T02:07:37","guid":{"rendered":"http:\/\/stopthemarchmadness.com\/?page_id=466"},"modified":"2019-03-08T19:42:11","modified_gmt":"2019-03-08T19:42:11","slug":"fraud-support","status":"publish","type":"page","link":"https:\/\/stopthemarchmadness.com\/fr\/fraud-support\/","title":{"rendered":"Fraud Support (Francais)"},"content":{"rendered":"\n<h2><strong>Support de fraude<\/strong><\/h2>\n<p><a href=\"http:\/\/stopthemarchmadness.com\/fr\/fraud-support\/support-after-con\/\">Soutien apr\u00e8s Con<\/a><\/p>\n<p><a href=\"http:\/\/stopthemarchmadness.com\/wp-content\/uploads\/2019\/02\/helping-victims-of-fraud-recover.francais.docx\" target=\"_blank\" rel=\"noreferrer noopener\" aria-label=\"Aider les victimes de fraude \u00e0 r\u00e9cup\u00e9rer (opens in a new tab)\"> Aider les victimes de fraude \u00e0 r\u00e9cup\u00e9rer <\/a><\/p>\n<p><a href=\"..\/wp-content\/uploads\/2019\/02\/Quebec-Victim-Support.docx\" target=\"_blank\" rel=\"noopener\">Quebec Victim Support<\/a><\/p>\n<p><a href=\"..\/wp-content\/uploads\/2019\/02\/NB-Victim-Contact-Information-2015.pdf\" target=\"_blank\" rel=\"noopener\">NB Victim Contact Information<\/a><\/p>\n<p><a href=\"..\/wp-content\/uploads\/2019\/02\/Edmonton-Victim-Contact-Information.pdf\" target=\"_blank\" rel=\"noopener\">Edmonton Victim Contact Information<\/a><\/p>\n<p><a href=\"..\/wp-content\/uploads\/2019\/02\/AB-Victim-Contact-Information.pdf\" target=\"_blank\" rel=\"noopener\">AB Victim Contact Information<\/a><\/p>\n<p><a href=\"..\/wp-content\/uploads\/2019\/02\/Halifax-Victim-Contact-Information.jpg\" target=\"_blank\" rel=\"noopener\">Halifax Victim Contact Information<\/a><\/p>\n","protected":false},"excerpt":{"rendered":"<p>Support de fraude Soutien apr\u00e8s Con Aider les victimes de fraude \u00e0 r\u00e9cup\u00e9rer Quebec Victim Support NB Victim Contact Information&hellip;<\/p>\n","protected":false},"author":1,"featured_media":442,"parent":0,"menu_order":0,"comment_status":"closed","ping_status":"closed","template":"","meta":{"footnotes":""},"_links":{"self":[{"href":"https:\/\/stopthemarchmadness.com\/fr\/wp-json\/wp\/v2\/pages\/466"}],"collection":[{"href":"https:\/\/stopthemarchmadness.com\/fr\/wp-json\/wp\/v2\/pages"}],"about":[{"href":"https:\/\/stopthemarchmadness.com\/fr\/wp-json\/wp\/v2\/types\/page"}],"author":[{"embeddable":true,"href":"https:\/\/stopthemarchmadness.com\/fr\/wp-json\/wp\/v2\/users\/1"}],"replies":[{"embeddable":true,"href":"https:\/\/stopthemarchmadness.com\/fr\/wp-json\/wp\/v2\/comments?post=466"}],"version-history":[{"count":5,"href":"https:\/\/stopthemarchmadness.com\/fr\/wp-json\/wp\/v2\/pages\/466\/revisions"}],"predecessor-version":[{"id":766,"href":"https:\/\/stopthemarchmadness.com\/fr\/wp-json\/wp\/v2\/pages\/466\/revisions\/766"}],"wp:featuredmedia":[{"embeddable":true,"href":"https:\/\/stopthemarchmadness.com\/fr\/wp-json\/wp\/v2\/media\/442"}],"wp:attachment":[{"href":"https:\/\/stopthemarchmadness.com\/fr\/wp-json\/wp\/v2\/media?parent=466"}],"curies":[{"name":"wp","href":"https:\/\/api.w.org\/{rel}","templated":true}]}}