{"id":462,"date":"2019-02-15T01:56:21","date_gmt":"2019-02-15T01:56:21","guid":{"rendered":"http:\/\/stopthemarchmadness.com\/?page_id=462"},"modified":"2019-02-28T20:40:48","modified_gmt":"2019-02-28T20:40:48","slug":"what-to-do-once-conned","status":"publish","type":"page","link":"https:\/\/stopthemarchmadness.com\/fr\/fraud-recovery\/what-to-do-once-conned\/","title":{"rendered":"Que faire une fois tromp\u00e9"},"content":{"rendered":"\n\t<h2><strong>Que faire une fois tromp\u00e9<\/strong><\/h2>\nCliquez ici pour savoir comment g\u00e9rer les cons\u00e9quences d&rsquo;une fraude: 12 \u00e9tapes pour remettre votre vie sur les rails<br \/>\n<a href=\"http:\/\/www.fraudaid.com\/how-to-deal-with-having-been-conned\/How-To-Handle-the-Aftermath.htm\" target=\"_blank\" rel=\"noreferrer noopener\" aria-label=\"http:\/\/www.fraudaid.com\/how-to-deal-with-having-been-conned\/How-To-Handle-the-Aftermath.htm (opens in a new tab)\">http:\/\/www.fraudaid.com\/how-to-deal-with-having-been-conned\/How-To-Handle-the-Aftermath.htm<\/a>\nCliquez ici pour la Commission australienne de la concurrence et des consommateurs pour Scam Watch O\u00f9 obtenir de l&rsquo;aide<br \/>\n<a href=\"https:\/\/www.scamwatch.gov.au\/get-help\/where-to-get-help\" target=\"_blank\" rel=\"noreferrer noopener\" aria-label=\"https:\/\/www.scamwatch.gov.au\/get-help\/where-to-get-help (opens in a new tab)\">https:\/\/www.scamwatch.gov.au\/get-help\/where-to-get-help<\/a>\nCliquez ici pour Australian Securities &amp; Investments Commission pour Que faire si vous avez \u00e9t\u00e9 arnaqu\u00e9<br \/>\n<a href=\"https:\/\/www.moneysmart.gov.au\/scams\/recovering-your-losses\" target=\"_blank\" rel=\"noreferrer noopener\" aria-label=\"https:\/\/www.moneysmart.gov.au\/scams\/recovering-your-losses (opens in a new tab)\">https:\/\/www.moneysmart.gov.au\/scams\/recovering-your-losses<\/a>\nCliquez ici pour la protection des consommateurs arnaqu\u00e9s Que faire maintenant<br \/>\n<a href=\"https:\/\/www.consumerprotection.govt.nz\/general-help\/scamwatch\/scammed-take-action\/\" target=\"_blank\" rel=\"noreferrer noopener\" aria-label=\"https:\/\/www.consumerprotection.govt.nz\/general-help\/scamwatch\/scammed-take-action\/ (opens in a new tab)\">https:\/\/www.consumerprotection.govt.nz\/general-help\/scamwatch\/scammed-take-action\/<\/a>\nCliquez ici pour savoir quoi faire si vous \u00eates victime de fraude<br \/>\n<a href=\"https:\/\/www.canada.ca\/en\/financial-consumer-agency\/services\/financial-toolkit\/fraud\/fraud-2\/8.html\" target=\"_blank\" rel=\"noreferrer noopener\" aria-label=\"https:\/\/www.canada.ca\/en\/financial-consumer-agency\/services\/financial-toolkit\/fraud\/fraud-2\/8.html (opens in a new tab)\">https:\/\/www.canada.ca\/en\/financial-consumer-agency\/services\/financial-toolkit\/fraud\/fraud-2\/8.html<\/a>\nConseils sur les mesures \u00e0 prendre pour \u00e9viter de devenir victime de fraude<br \/>\n<a href=\"https:\/\/www.transunion.ca\/assistance\/fraud-victims-resources\" target=\"_blank\" rel=\"noreferrer noopener\" aria-label=\"https:\/\/www.transunion.ca\/assistance\/fraud-victims-resources (opens in a new tab)\">https:\/\/www.transunion.ca\/assistance\/fraud-victims-resources<\/a>\n\u00c9tapes \u00e0 suivre apr\u00e8s avoir craqu\u00e9 pour une arnaque<br \/>\n<a href=\"https:\/\/www.agingcare.com\/articles\/steps-to-take-after-falling-for-a-scam-187073.htm\" target=\"_blank\" rel=\"noreferrer noopener\" aria-label=\"https:\/\/www.agingcare.com\/articles\/steps-to-take-after-falling-for-a-scam-187073.htm (opens in a new tab)\">https:\/\/www.agingcare.com\/articles\/steps-to-take-after-falling-for-a-scam-187073.htm<\/a>\nCliquez ici pour Six \u00e9tapes pour r\u00e9cup\u00e9rer votre argent si vous \u00eates victime de fraudes bancaires: Conseils de l&rsquo;homme qui a vaincu les fraudeurs par Daily Mail<br \/>\n<a href=\"https:\/\/www.dailymail.co.uk\/money\/beatthescammers\/article-4772200\/Six-steps-money-bank-fraudsters.html\" target=\"_blank\" rel=\"noopener\">https:\/\/www.dailymail.co.uk\/money\/beatthescammers\/article-4772200\/Six-steps-money-bank-fraudsters.html<\/a>\nContactez-nous \u00e0: email: <a href=\"mailto:stopmarchnow@gmail.com\">stopmarchnow@gmail.com<\/a> ou par t\u00e9l\u00e9phone:<br \/>\n(437) 344-4148\n","protected":false},"excerpt":{"rendered":"<p>Que faire une fois tromp\u00e9 Cliquez ici pour savoir comment g\u00e9rer les cons\u00e9quences d&rsquo;une fraude: 12 \u00e9tapes pour remettre votre&hellip;<\/p>\n","protected":false},"author":1,"featured_media":442,"parent":454,"menu_order":0,"comment_status":"closed","ping_status":"closed","template":"","meta":{"footnotes":""},"_links":{"self":[{"href":"https:\/\/stopthemarchmadness.com\/fr\/wp-json\/wp\/v2\/pages\/462"}],"collection":[{"href":"https:\/\/stopthemarchmadness.com\/fr\/wp-json\/wp\/v2\/pages"}],"about":[{"href":"https:\/\/stopthemarchmadness.com\/fr\/wp-json\/wp\/v2\/types\/page"}],"author":[{"embeddable":true,"href":"https:\/\/stopthemarchmadness.com\/fr\/wp-json\/wp\/v2\/users\/1"}],"replies":[{"embeddable":true,"href":"https:\/\/stopthemarchmadness.com\/fr\/wp-json\/wp\/v2\/comments?post=462"}],"version-history":[{"count":3,"href":"https:\/\/stopthemarchmadness.com\/fr\/wp-json\/wp\/v2\/pages\/462\/revisions"}],"predecessor-version":[{"id":629,"href":"https:\/\/stopthemarchmadness.com\/fr\/wp-json\/wp\/v2\/pages\/462\/revisions\/629"}],"up":[{"embeddable":true,"href":"https:\/\/stopthemarchmadness.com\/fr\/wp-json\/wp\/v2\/pages\/454"}],"wp:featuredmedia":[{"embeddable":true,"href":"https:\/\/stopthemarchmadness.com\/fr\/wp-json\/wp\/v2\/media\/442"}],"wp:attachment":[{"href":"https:\/\/stopthemarchmadness.com\/fr\/wp-json\/wp\/v2\/media?parent=462"}],"curies":[{"name":"wp","href":"https:\/\/api.w.org\/{rel}","templated":true}]}}