{"id":452,"date":"2019-02-15T01:08:58","date_gmt":"2019-02-15T01:08:58","guid":{"rendered":"http:\/\/stopthemarchmadness.com\/?page_id=452"},"modified":"2019-02-28T20:40:48","modified_gmt":"2019-02-28T20:40:48","slug":"home-safety","status":"publish","type":"page","link":"https:\/\/stopthemarchmadness.com\/fr\/fraud-recovery\/home-safety\/","title":{"rendered":"S\u00c9CURIT\u00c9 \u00c0 LA MAISON"},"content":{"rendered":"\n<p>Cliquez ici pour l&rsquo;article de Q Reviews.org sur 100 fa\u00e7ons de rendre votre maison plus s\u00fbre<br><a href=\"https:\/\/www.reviews.org\/home-security\/ways-to-make-home-safer\/\" target=\"_blank\" rel=\"noreferrer noopener\" aria-label=\"https:\/\/www.reviews.org\/home-security\/ways-to-make-home-safer\/ (opens in a new tab)\">https:\/\/www.reviews.org\/home-security\/ways-to-make-home-safer\/<\/a><\/p>\n\n\n\n<p>Cliquez ici pour un article de MF sur les experts en s\u00e9curit\u00e9 partagent 9 fa\u00e7ons de rendre votre maison plus s\u00fbre<br><a href=\"http:\/\/mentalfloss.com\/article\/75790\/security-experts-share-9-ways-make-your-home-safer\" target=\"_blank\" rel=\"noreferrer noopener\" aria-label=\"http:\/\/mentalfloss.com\/article\/75790\/security-experts-share-9-ways-make-your-home-safer (opens in a new tab)\">http:\/\/mentalfloss.com\/article\/75790\/security-experts-share-9-ways-make-your-home-safer<\/a><\/p>\n\n\n\n<p>Cliquez ici pour lire l\u2019article du Home Advisor sur la protection de votre maison contre le cambriolage et le crime<br><a href=\"https:\/\/www.homeadvisor.com\/r\/securing-your-home-from-burglary\/\" target=\"_blank\" rel=\"noreferrer noopener\" aria-label=\"https:\/\/www.homeadvisor.com\/r\/securing-your-home-from-burglary\/ (opens in a new tab)\">https:\/\/www.homeadvisor.com\/r\/securing-your-home-from-burglary\/<\/a><\/p>\n\n\n\n<p>Cliquez ici pour lire l&rsquo;article de BuzzFeed sur 21 astuces efficaces et peu co\u00fbteuses pour prot\u00e9ger votre maison<br><a href=\"https:\/\/www.buzzfeed.com\/peggy\/18-cheap-and-effective-tricks-to-deter-burglars\" target=\"_blank\" rel=\"noreferrer noopener\" aria-label=\"https:\/\/www.buzzfeed.com\/peggy\/18-cheap-and-effective-tricks-to-deter-burglars (opens in a new tab)\">https:\/\/www.buzzfeed.com\/peggy\/18-cheap-and-effective-tricks-to-deter-burglars<\/a><\/p>\n\n\n\n<p>Cliquez ici pour l&rsquo;article de Family Handyman sur 10 choses \u00e0 faire au quotidien pour rendre votre maison plus s\u00fbre<br><a href=\"https:\/\/www.familyhandyman.com\/home-security\/10-things-you-can-do-every-day-takemake-your-home-safer\/view-all\/\" target=\"_blank\" rel=\"noreferrer noopener\" aria-label=\"https:\/\/www.familyhandyman.com\/home-security\/10-things-you-can-do-every-day-takemake-your-home-safer\/view-all\/ (opens in a new tab)\">https:\/\/www.familyhandyman.com\/home-security\/10-things-you-can-do-every-day-takemake-your-home-safer\/view-all\/<\/a><\/p>\n\n\n\n<p>Cliquez ici pour lire l\u2019article de Safewise sur Comment d\u00e9jouer un cambrioleur et prot\u00e9ger votre domicile<br><a href=\"https:\/\/www.safewise.com\/blog\/how-to-outsmart-burglar-and-keep-home-safe\/\" target=\"_blank\" rel=\"noreferrer noopener\" aria-label=\"https:\/\/www.safewise.com\/blog\/how-to-outsmart-burglar-and-keep-home-safe\/ (opens in a new tab)\">https:\/\/www.safewise.com\/blog\/how-to-outsmart-burglar-and-keep-home-safe\/<\/a><\/p>\n","protected":false},"excerpt":{"rendered":"<p>Cliquez ici pour l&rsquo;article de Q Reviews.org sur 100 fa\u00e7ons de rendre votre maison plus s\u00fbrehttps:\/\/www.reviews.org\/home-security\/ways-to-make-home-safer\/ Cliquez ici pour un&hellip;<\/p>\n","protected":false},"author":1,"featured_media":442,"parent":454,"menu_order":0,"comment_status":"closed","ping_status":"closed","template":"","meta":{"footnotes":""},"_links":{"self":[{"href":"https:\/\/stopthemarchmadness.com\/fr\/wp-json\/wp\/v2\/pages\/452"}],"collection":[{"href":"https:\/\/stopthemarchmadness.com\/fr\/wp-json\/wp\/v2\/pages"}],"about":[{"href":"https:\/\/stopthemarchmadness.com\/fr\/wp-json\/wp\/v2\/types\/page"}],"author":[{"embeddable":true,"href":"https:\/\/stopthemarchmadness.com\/fr\/wp-json\/wp\/v2\/users\/1"}],"replies":[{"embeddable":true,"href":"https:\/\/stopthemarchmadness.com\/fr\/wp-json\/wp\/v2\/comments?post=452"}],"version-history":[{"count":1,"href":"https:\/\/stopthemarchmadness.com\/fr\/wp-json\/wp\/v2\/pages\/452\/revisions"}],"predecessor-version":[{"id":453,"href":"https:\/\/stopthemarchmadness.com\/fr\/wp-json\/wp\/v2\/pages\/452\/revisions\/453"}],"up":[{"embeddable":true,"href":"https:\/\/stopthemarchmadness.com\/fr\/wp-json\/wp\/v2\/pages\/454"}],"wp:featuredmedia":[{"embeddable":true,"href":"https:\/\/stopthemarchmadness.com\/fr\/wp-json\/wp\/v2\/media\/442"}],"wp:attachment":[{"href":"https:\/\/stopthemarchmadness.com\/fr\/wp-json\/wp\/v2\/media?parent=452"}],"curies":[{"name":"wp","href":"https:\/\/api.w.org\/{rel}","templated":true}]}}