{"id":742,"date":"2019-03-05T03:44:29","date_gmt":"2019-03-05T03:44:29","guid":{"rendered":"http:\/\/stopthemarchmadness.com\/?page_id=742"},"modified":"2019-03-05T03:45:31","modified_gmt":"2019-03-05T03:45:31","slug":"vs-safety-planning","status":"publish","type":"page","link":"http:\/\/stopthemarchmadness.com\/fr\/fraud-recovery\/vs-safety-planning\/","title":{"rendered":"VS Safety Planning"},"content":{"rendered":"\n\t<h2><strong>Conseils pour vous prot\u00e9ger, vous et vos enfants, contre un partenaire violent<\/strong><\/h2>\n<p><strong>Si vous avez l&rsquo;intention de partir: <\/strong><\/p>\n<ul>\n<li>Faire des rapports \u00e0 la police ou aux avocats au besoin. <\/li>\n<li>Prenez des photos des blessures que vous avez re\u00e7ues ou des dommages \u00e0 vos biens. <\/li>\n<li>Trouvez un endroit s\u00fbr pour cacher des copies de documents importants pour vous et vos enfants, y compris des pi\u00e8ces d&rsquo;identit\u00e9, des dossiers m\u00e9dicaux, des journaux intimes et de l&rsquo;argent. <\/li>\n<li>Conna\u00eetre les ressources communautaires disponibles: lignes d&rsquo;\u00e9coute t\u00e9l\u00e9phonique (1.855.225.0220), maisons de transition, centres communautaires, centres de ressources pour parents, etc. <\/li>\n<li>Enseignez \u00e0 vos enfants, \u00e0 vos amis et \u00e0 votre famille une phrase ou un mot qui indique que vous avez besoin d&rsquo;aide. Avoir un plan pour ce qu&rsquo;ils devraient faire, en particulier les enfants. <\/li>\n<li>Conservez une copie des engagements, des engagements de ne pas troubler l&rsquo;ordre public et des ordonnances de probation avec vous en tout temps. <\/li>\n<li>Retirer\/bloquer le partenaire violent des m\u00e9dias sociaux. <\/li>\n<li>\u00c9teignez le GPS sur tous les appareils \u00e9lectroniques. <\/li>\n<\/ul>\n<p><strong>Si vous avez quitt\u00e9 la relation: <\/strong><\/p>\n<ul>\n<li>Laissez vos amis, votre famille, vos voisins, vos coll\u00e8gues de travail et les gestionnaires de l&rsquo;immeuble vous aider. Informez-les de l&rsquo;identit\u00e9 du partenaire violent et des restrictions qui s&rsquo;appliquent aux contacts avec vous ou vos enfants. <\/li>\n<li>Fournir des copies des ordonnances de garde ou de droit de visite aux personnes qui s&rsquo;occupent des enfants ou aux responsables de l&rsquo;\u00e9cole. <\/li>\n<li>Gardez les fen\u00eatres et les portes verrouill\u00e9es. <\/li>\n<li>Gardez une trace de toutes les menaces ou de tous les contacts non d\u00e9sir\u00e9s de la part du partenaire violent. <\/li>\n<li>Prenez des photos lorsque c&rsquo;est possible pour fournir des preuves si le partenaire violent vous suit. <\/li>\n<li>Changez les serrures de votre maison. Cette \u00e9tape peut s&rsquo;av\u00e9rer co\u00fbteuse mais tr\u00e8s utile. <\/li>\n<li>Achetez des alarmes de mouvement qui peuvent \u00eatre plac\u00e9es sur les fen\u00eatres. <\/li>\n<li>Planification de la s\u00e9curit\u00e9 des services aux victimes <\/li>\n<li>Comment votre t\u00e9l\u00e9phone peut vous aider: <\/li>\n<li>Familiarisez-vous avec les fonctions de votre t\u00e9l\u00e9phone qui peuvent vous aider &#8211; identification de l&rsquo;appelant, *67, *69 et *57. <\/li>\n<li>Identification de l&rsquo;appelant &#8211; ce service peut \u00eatre payant; toutefois, il vous permettra de savoir qui appelle avant que vous ne r\u00e9pondiez. <\/li>\n<li>67 vous permet de bloquer votre num\u00e9ro pour tout appel que vous faites. Ce service est gratuit. <\/li>\n<li>69 vous permet de v\u00e9rifier le num\u00e9ro de la derni\u00e8re personne qui vous a appel\u00e9 (ligne fixe uniquement). Ce service peut \u00eatre payant. <\/li>\n<li>*57 tracera le dernier appel vers votre num\u00e9ro. Vous n&rsquo;obtiendrez pas l&rsquo;information, mais elle peut \u00eatre transmise \u00e0 la police par votre fournisseur de services t\u00e9l\u00e9phoniques. <\/li>\n<li>Assurez-vous que votre t\u00e9l\u00e9phone cellulaire est charg\u00e9 et avec vous (assurez-vous que le GPS est \u00e9teint). <\/li>\n<li>Des pourboires, que tu restes ou que tu partes: Composez imm\u00e9diatement le <\/li>\n<li>9-1-1-1 si vous \u00eates en danger. <\/li>\n<li>Sachez reconna\u00eetre les signes avant-coureurs d&rsquo;une agression et partez si vous le pouvez. Si vous ne pouvez pas sortir, rendez-vous dans une pi\u00e8ce munie d&rsquo;une porte ext\u00e9rieure et essayez d&rsquo;\u00e9viter les endroits avec des coins coupants, des surfaces dures ou des objets qui peuvent servir d&rsquo;arme. <\/li>\n<li>Faites attention \u00e0 ce qui vous entoure lorsque vous \u00eates en public. <\/li>\n<li>Envisagez de changer fr\u00e9quemment les mots de passe pour les m\u00e9dias sociaux, les services bancaires en ligne, la connexion \u00e0 un ordinateur, etc. <\/li>\n<li>Supprimer l&rsquo;historique de navigation sur votre ordinateur. <\/li>\n<li>Soyez au courant des ressources qui peuvent vous fournir des services &#8211; centres de ressources pour les parents, lignes d&rsquo;\u00e9coute t\u00e9l\u00e9phonique 24 heures sur 24 (1.855.225.0220), programmes d&rsquo;approche reli\u00e9s aux refuges. Consultez la brochure des Services r\u00e9gionaux d&rsquo;aide aux victimes de la police de Halifax ou composez le 211. <\/li>\n<li>T\u00e9l\u00e9phone: 902.490.5300 | Texte: 902.497.4709 <\/li>\n<li>Courriel: victimservices@halifax.ca <\/li>\n<li>www.halifax.ca\/fire-police\/police\/programs-services\/victim-services-halifax<\/li>\n<\/ul>\n","protected":false},"excerpt":{"rendered":"<p>Conseils pour vous prot\u00e9ger, vous et vos enfants, contre un partenaire violent Si vous avez l&rsquo;intention de partir: Faire des&hellip;<\/p>\n","protected":false},"author":1,"featured_media":442,"parent":454,"menu_order":0,"comment_status":"closed","ping_status":"closed","template":"","meta":{"footnotes":""},"_links":{"self":[{"href":"http:\/\/stopthemarchmadness.com\/fr\/wp-json\/wp\/v2\/pages\/742"}],"collection":[{"href":"http:\/\/stopthemarchmadness.com\/fr\/wp-json\/wp\/v2\/pages"}],"about":[{"href":"http:\/\/stopthemarchmadness.com\/fr\/wp-json\/wp\/v2\/types\/page"}],"author":[{"embeddable":true,"href":"http:\/\/stopthemarchmadness.com\/fr\/wp-json\/wp\/v2\/users\/1"}],"replies":[{"embeddable":true,"href":"http:\/\/stopthemarchmadness.com\/fr\/wp-json\/wp\/v2\/comments?post=742"}],"version-history":[{"count":4,"href":"http:\/\/stopthemarchmadness.com\/fr\/wp-json\/wp\/v2\/pages\/742\/revisions"}],"predecessor-version":[{"id":748,"href":"http:\/\/stopthemarchmadness.com\/fr\/wp-json\/wp\/v2\/pages\/742\/revisions\/748"}],"up":[{"embeddable":true,"href":"http:\/\/stopthemarchmadness.com\/fr\/wp-json\/wp\/v2\/pages\/454"}],"wp:featuredmedia":[{"embeddable":true,"href":"http:\/\/stopthemarchmadness.com\/fr\/wp-json\/wp\/v2\/media\/442"}],"wp:attachment":[{"href":"http:\/\/stopthemarchmadness.com\/fr\/wp-json\/wp\/v2\/media?parent=742"}],"curies":[{"name":"wp","href":"https:\/\/api.w.org\/{rel}","templated":true}]}}