{"id":470,"date":"2019-01-30T07:22:37","date_gmt":"2019-01-30T07:22:37","guid":{"rendered":"http:\/\/stopthemarchmadness.com\/?page_id=470"},"modified":"2019-03-05T04:26:56","modified_gmt":"2019-03-05T04:26:56","slug":"sharing-info","status":"publish","type":"page","link":"http:\/\/stopthemarchmadness.com\/fr\/sharing-info\/","title":{"rendered":"Sharing Info"},"content":{"rendered":"\n\t<h2><strong>Partage d&rsquo;informations<\/strong><\/h2>\n<h3><strong>Conseils de partage de documents<\/strong><\/h3>\n<p>S&rsquo;il vous pla\u00eet partager cette affiche et vid\u00e9o. La prochaine victime pourrait \u00eatre votre s\u0153ur, m\u00e8re, fille, fr\u00e8re, p\u00e8re, fils. Passez le mot aujourd&rsquo;hui et sauvez des vies!<\/p>\n<p>Les meilleurs formats pour partager les images sont les fichiers .jpg, mais si vous rencontrez des difficult\u00e9s, envoyez-les au format .pdf.<\/p>\n<p>Le meilleur format pour envoyer la vid\u00e9o est le format .mp4, \u00e0 l\u2019exception de la messagerie \u00e9lectronique, car il s\u2019agit d\u2019un fichier trop volumineux, mais .ppt fonctionne.<\/p>\n<p><strong>Twitter<\/strong> n\u00e9cessite notre vid\u00e9o .mp4 plus courte.<\/p>\n<p><a title=\"Download for Instagram\" href=\"http:\/\/www.stopthemarchmadness.com\/video\/instagram-video-french.mp4\" target=\"_blank\" rel=\"noopener\">T\u00e9l\u00e9charger<\/a> | <a title=\"Link from YouTube\" href=\"https:\/\/youtu.be\/cxb0aGRy_8o\" target=\"_blank\" rel=\"noopener\">YouTube<\/a><\/p>\n<p><strong>Instagram<\/strong> n\u00e9cessite la plus courte vid\u00e9o .mp4.<\/p>\n<p><a title=\"Download for Instagram\" href=\"http:\/\/www.stopthemarchmadness.com\/video\/instagram-video-french.mp4\" target=\"_blank\" rel=\"noopener\">T\u00e9l\u00e9charger<\/a> | <a title=\"Link from YouTube\" href=\"https:\/\/youtu.be\/osG7EHkSbXQ\" target=\"_blank\" rel=\"noopener\">YouTube<\/a><\/p>\n<p><strong>Facebook<\/strong><br \/><a title=\"Download for Facebook\" href=\"http:\/\/www.stopthemarchmadness.com\/video\/facebook-video-french.mp4\" target=\"_blank\" rel=\"noopener\">T\u00e9l\u00e9charger<\/a> | <a title=\"Link from YouTube\" href=\"https:\/\/youtu.be\/WBAsFr98_Cw\" target=\"_blank\" rel=\"noopener\">YouTube<\/a><\/p>\n<p><strong>Go Fund Me<\/strong><br \/><a title=\"Download for Go Fund Me\" href=\"http:\/\/www.stopthemarchmadness.com\/video\/go-fund-me-video-french.mp4\" target=\"_blank\" rel=\"noopener\">T\u00e9l\u00e9charger<\/a> | <a title=\"Link from YouTube\" href=\"https:\/\/youtu.be\/QZIGQtisv1g\" target=\"_blank\" rel=\"noopener\">YouTube<\/a><\/p>\n\t<iframe loading=\"lazy\" width=\"560\" height=\"315\" src=\"https:\/\/www.youtube.com\/embed\/WBAsFr98_Cw\" frameborder=\"0\" allow=\"accelerometer; autoplay; encrypted-media; gyroscope; picture-in-picture\" allowfullscreen><\/iframe>\n\t\t\t\t<a href=\"http:\/\/stopthemarchmadness.com\/wp-content\/uploads\/2019\/03\/marcel-andre-vautour-poster-french.pdf\" target=\"_blank\" rel=\"noopener\"  itemprop=\"url\">\n\t\t\t\t<img loading=\"lazy\" decoding=\"async\" src=\"http:\/\/stopthemarchmadness.com\/wp-content\/uploads\/2019\/03\/marcel-andre-vautour-poster-french.pdf-1.png\" alt=\"marcel-andre-vautour-poster-french.pdf\" itemprop=\"image\" height=\"540\" width=\"960\" title=\"marcel-andre-vautour-poster-french.pdf\" onerror=\"this.style.display='none'\"  \/>\n\t\t\t\t<\/a>\n\t<p>T\u00e9l\u00e9chargez l&rsquo;affiche au format <a href=\"http:\/\/stopthemarchmadness.com\/wp-content\/uploads\/2019\/03\/marcel-andre-vautour-poster-french.pdf\" target=\"_blank\" rel=\"noopener\">.pdf<\/a><\/p>\n\t<h3><strong>AGIR MAINTENANT!<\/strong><\/h3>\n<p>La prochaine victime pourrait \u00eatre votre s\u0153ur, m\u00e8re, fille, fr\u00e8re, p\u00e8re, fils &#8230;<\/p>\n<ol>\n<li>Partagez nos informations sur les m\u00e9dias sociaux aujourd&rsquo;hui et <strong>sauvez des vies!<\/strong><\/li>\n<li>Suivez nous sur <a href=\"https:\/\/www.facebook.com\/profile.php?id=100032937759331\" target=\"_blank\">Facebook<\/a>, <a href=\"https:\/\/twitter.com\/stopmarchnow\" target=\"_blank\">Twitter<\/a> et <a href=\"https:\/\/www.instagram.com\/stopmarchnow\" target=\"_blank\">Instagram<\/a>.<\/li>\n<\/ol>\n","protected":false},"excerpt":{"rendered":"<p>Partage d&rsquo;informations Conseils de partage de documents S&rsquo;il vous pla\u00eet partager cette affiche et vid\u00e9o. La prochaine victime pourrait \u00eatre&hellip;<\/p>\n","protected":false},"author":1,"featured_media":442,"parent":0,"menu_order":0,"comment_status":"closed","ping_status":"closed","template":"","meta":{"footnotes":""},"_links":{"self":[{"href":"http:\/\/stopthemarchmadness.com\/fr\/wp-json\/wp\/v2\/pages\/470"}],"collection":[{"href":"http:\/\/stopthemarchmadness.com\/fr\/wp-json\/wp\/v2\/pages"}],"about":[{"href":"http:\/\/stopthemarchmadness.com\/fr\/wp-json\/wp\/v2\/types\/page"}],"author":[{"embeddable":true,"href":"http:\/\/stopthemarchmadness.com\/fr\/wp-json\/wp\/v2\/users\/1"}],"replies":[{"embeddable":true,"href":"http:\/\/stopthemarchmadness.com\/fr\/wp-json\/wp\/v2\/comments?post=470"}],"version-history":[{"count":15,"href":"http:\/\/stopthemarchmadness.com\/fr\/wp-json\/wp\/v2\/pages\/470\/revisions"}],"predecessor-version":[{"id":763,"href":"http:\/\/stopthemarchmadness.com\/fr\/wp-json\/wp\/v2\/pages\/470\/revisions\/763"}],"wp:featuredmedia":[{"embeddable":true,"href":"http:\/\/stopthemarchmadness.com\/fr\/wp-json\/wp\/v2\/media\/442"}],"wp:attachment":[{"href":"http:\/\/stopthemarchmadness.com\/fr\/wp-json\/wp\/v2\/media?parent=470"}],"curies":[{"name":"wp","href":"https:\/\/api.w.org\/{rel}","templated":true}]}}