{"id":468,"date":"2019-02-15T02:10:45","date_gmt":"2019-02-15T02:10:45","guid":{"rendered":"http:\/\/stopthemarchmadness.com\/?page_id=468"},"modified":"2019-02-28T20:40:48","modified_gmt":"2019-02-28T20:40:48","slug":"support-after-con","status":"publish","type":"page","link":"http:\/\/stopthemarchmadness.com\/fr\/fraud-support\/support-after-con\/","title":{"rendered":"Support After Con (Francais)"},"content":{"rendered":"\n\t<h2><strong>Soutien apr\u00e8s Con<\/strong><\/h2>\nCliquez ici pour Romance Scam Survivor Diff\u00e9rents types d&rsquo;escroqueries romantiques<br \/>\n<a href=\"https:\/\/romancescamsurvivor.org\/2016\/11\/different-types-of-romance-scams\/\" target=\"_blank\" rel=\"noreferrer noopener\" aria-label=\"https:\/\/romancescamsurvivor.org\/2016\/11\/different-types-of-romance-scams\/ (opens in a new tab)\">https:\/\/romancescamsurvivor.org\/2016\/11\/different-types-of-romance-scams\/<\/a>\nCliquez ici pour savoir comment g\u00e9rer une arnaque et perdre beaucoup d&rsquo;argent en sachant que vous ne le r\u00e9cup\u00e9rerez pas.<br \/>\n<a href=\"https:\/\/www.quora.com\/How-do-you-cope-with-being-scammed-and-losing-a-lot-of-money-knowing-you-will-not-get-it-back\" target=\"_blank\" rel=\"noreferrer noopener\" aria-label=\"https:\/\/www.quora.com\/How-do-you-cope-with-being-scammed-and-losing-a-lot-of-money-knowing-you-will-not-get-it-back (opens in a new tab)\">https:\/\/www.quora.com\/How-do-you-cope-with-being-scammed-and-losing-a-lot-of-money-knowing-you-will-not-get-it-back<\/a>\nCliquez ici pour la liste de contr\u00f4le de Centraide &#8211; ce que vous pouvez faire maintenant<br \/>\n<a href=\"https:\/\/www.unitedway.org\/my-smart-money\/immediate-needs\/im-a-victim-of-identity-theft\/getting-help-if-youve-been-conned-scammed-or-defrauded#\" target=\"_blank\" rel=\"noreferrer noopener\" aria-label=\"https:\/\/www.unitedway.org\/my-smart-money\/immediate-needs\/im-a-victim-of-identity-theft\/getting-help-if-youve-been-conned-scammed-or-defrauded# (opens in a new tab)\">https:\/\/www.unitedway.org\/my-smart-money\/immediate-needs\/im-a-victim-of-identity-theft\/getting-help-if-youve-been-conned-scammed-or-defrauded#<\/a>\nCliquez ici pour prendre connaissance des mesures \u00e0 prendre apr\u00e8s une tentative d\u2019escroquerie chez Aging Care.<br \/>\n<a href=\"https:\/\/www.agingcare.com\/articles\/steps-to-take-after-falling-for-a-scam-187073.htm\" target=\"_blank\" rel=\"noreferrer noopener\" aria-label=\"https:\/\/www.agingcare.com\/articles\/steps-to-take-after-falling-for-a-scam-187073.htm (opens in a new tab)\">https:\/\/www.agingcare.com\/articles\/steps-to-take-after-falling-for-a-scam-187073.htm<\/a>\nCliquez ici pour le Centre canadien de ressources pour les victimes d&rsquo;actes criminels ayant aid\u00e9 les victimes de fraude \u00e0 r\u00e9cup\u00e9rer<br \/>\n<a href=\"https:\/\/crcvc.ca\/wp-content\/uploads\/2011\/10\/helping-victims-of-fraud-recover_Jan2016_final.pdf\" target=\"_blank\" rel=\"noreferrer noopener\" aria-label=\"https:\/\/crcvc.ca\/wp-content\/uploads\/2011\/10\/helping-victims-of-fraud-recover_Jan2016_final.pdf (opens in a new tab)\">https:\/\/crcvc.ca\/wp-content\/uploads\/2011\/10\/helping-victims-of-fraud-recover_Jan2016_final.pdf<\/a>\nCliquez ici pour la protection du consommateur Escroqueries en Colombie-Britannique<br \/>\n<a href=\"https:\/\/www.consumerprotectionbc.ca\/consumer-help\/scams\/\" target=\"_blank\" rel=\"noreferrer noopener\" aria-label=\"https:\/\/www.consumerprotectionbc.ca\/consumer-help\/scams\/ (opens in a new tab)\">https:\/\/www.consumerprotectionbc.ca\/consumer-help\/scams\/<\/a>\nCliquez ici pour le Centre canadien de ressources pour les victimes d&rsquo;actes criminels afin d&rsquo;assurer un traitement \u00e9quitable des victimes d&rsquo;actes criminels au Canada<br \/>\n<a href=\"https:\/\/crcvc.ca\/publications\/\" target=\"_blank\" rel=\"noreferrer noopener\" aria-label=\"https:\/\/crcvc.ca\/publications\/ (opens in a new tab)\">https:\/\/crcvc.ca\/publications\/<\/a>\n<p>Contactez-nous \u00e0: email: <a href=\"mailto:stopmarchnow@gmail.com\">stopmarchnow@gmail.com<\/a> ou par t\u00e9l\u00e9phone: (437) 344-4148<\/p>\n","protected":false},"excerpt":{"rendered":"<p>Soutien apr\u00e8s Con Cliquez ici pour Romance Scam Survivor Diff\u00e9rents types d&rsquo;escroqueries romantiques https:\/\/romancescamsurvivor.org\/2016\/11\/different-types-of-romance-scams\/ Cliquez ici pour savoir comment g\u00e9rer&hellip;<\/p>\n","protected":false},"author":1,"featured_media":442,"parent":466,"menu_order":0,"comment_status":"closed","ping_status":"closed","template":"","meta":{"footnotes":""},"_links":{"self":[{"href":"http:\/\/stopthemarchmadness.com\/fr\/wp-json\/wp\/v2\/pages\/468"}],"collection":[{"href":"http:\/\/stopthemarchmadness.com\/fr\/wp-json\/wp\/v2\/pages"}],"about":[{"href":"http:\/\/stopthemarchmadness.com\/fr\/wp-json\/wp\/v2\/types\/page"}],"author":[{"embeddable":true,"href":"http:\/\/stopthemarchmadness.com\/fr\/wp-json\/wp\/v2\/users\/1"}],"replies":[{"embeddable":true,"href":"http:\/\/stopthemarchmadness.com\/fr\/wp-json\/wp\/v2\/comments?post=468"}],"version-history":[{"count":4,"href":"http:\/\/stopthemarchmadness.com\/fr\/wp-json\/wp\/v2\/pages\/468\/revisions"}],"predecessor-version":[{"id":568,"href":"http:\/\/stopthemarchmadness.com\/fr\/wp-json\/wp\/v2\/pages\/468\/revisions\/568"}],"up":[{"embeddable":true,"href":"http:\/\/stopthemarchmadness.com\/fr\/wp-json\/wp\/v2\/pages\/466"}],"wp:featuredmedia":[{"embeddable":true,"href":"http:\/\/stopthemarchmadness.com\/fr\/wp-json\/wp\/v2\/media\/442"}],"wp:attachment":[{"href":"http:\/\/stopthemarchmadness.com\/fr\/wp-json\/wp\/v2\/media?parent=468"}],"curies":[{"name":"wp","href":"https:\/\/api.w.org\/{rel}","templated":true}]}}