{"id":460,"date":"2019-02-15T01:52:33","date_gmt":"2019-02-15T01:52:33","guid":{"rendered":"http:\/\/stopthemarchmadness.com\/?page_id=460"},"modified":"2019-02-28T20:40:48","modified_gmt":"2019-02-28T20:40:48","slug":"similar-cases","status":"publish","type":"page","link":"http:\/\/stopthemarchmadness.com\/fr\/fraud-recovery\/similar-cases\/","title":{"rendered":"CAS SIMILAIRES"},"content":{"rendered":"\n\t<h2><strong>Cas de Fraude<\/strong><\/h2>\nCliquez ici pour un article de CBC sur la GRC \u00e0 la recherche de nouvelles victimes apr\u00e8s le C.-B. homme accus\u00e9 de \u00abfraude amoureuse\u00bb<br \/>\n<a href=\"https:\/\/www.cbc.ca\/news\/canada\/british-columbia\/reza-moeinian-romance-fraud-1.4566344?fbclid=IwAR019PwkEj0jlwM-Q47C5RgY8Rjep9xlRmZmgZgssgg\" target=\"_blank\" rel=\"noreferrer noopener\" aria-label=\"https:\/\/www.cbc.ca\/news\/canada\/british-columbia\/reza-moeinian-romance-fraud-1.4566344?fbclid=IwAR019PwkEj0jlwM-Q47C5RgY8Rjep9xlRmZmgZgssgg (opens in a new tab)\">https:\/\/www.cbc.ca\/news\/canada\/british-columbia\/reza-moeinian-romance-fraud-1.4566344?fbclid=IwAR019PwkEj0jlwM-Q47C5RgY8Rjep9xlRmZmgZgssgg<\/a>\nCliquez ici pour un article de CBC sur un fraudeur reconnu coupable d\u2019escroquerie de 88 000 $ \u00e0 Vancouver<br \/>\n<a href=\"https:\/\/www.cbc.ca\/news\/canada\/british-columbia\/convicted-fraudster-charged-in-88k-\" target=\"_blank\" rel=\"noreferrer noopener\" aria-label=\"https:\/\/www.cbc.ca\/news\/canada\/british-columbia\/convicted-fraudster-charged-in-88k- (opens in a new tab)\">https:\/\/www.cbc.ca\/news\/canada\/british-columbia\/convicted-fraudster-charged-in-88k-<\/a>\nCliquez ici pour l&rsquo;article de North Shore News sur l&rsquo;arnaqueur romantique emprisonn\u00e9 pendant 3 ans<br \/>\n<a href=\"https:\/\/www.nsnews.com\/news\/romantic-con-artist-jailed-for-3-years-1.648713?fbclid=IwAR2HCHB3Q2XAMk9vQz0zoAoI_GCfbLy6p1E6DRBZBln4bt1dcRcAb\" target=\"_blank\" rel=\"noreferrer noopener\" aria-label=\"https:\/\/www.nsnews.com\/news\/romantic-con-artist-jailed-for-3-years-1.648713?fbclid=IwAR2HCHB3Q2XAMk9vQz0zoAoI_GCfbLy6p1E6DRBZBln4bt1dcRcAb (opens in a new tab)\">https:\/\/www.nsnews.com\/news\/romantic-con-artist-jailed-for-3-years-1.648713?fbclid=IwAR2HCHB3Q2XAMk9vQz0zoAoI_GCfbLy6p1E6DRBZBln4bt1dcRcAb<\/a>\n<h2><strong>Maladies Sexuellement Transmissibles<\/strong><\/h2>\nCliquez ici pour l&rsquo;article de Global News sur Avoir une IST? Ce que vous \u00eates l\u00e9galement oblig\u00e9 de divulguer<br \/>\n<a href=\"https:\/\/globalnews.ca\/news\/3796984\/have-an-st-what-youre-allally-obligally-obligated-to-disclose\/?fbclid=IwAR2ibO-DUkw9g6Jw2qKUOBp0mFPCWMN_4QuDDGUAWA\" target=\"_blank\" rel=\"noreferrer noopener\" aria-label=\"https:\/\/globalnews.ca\/news\/3796984\/have-an-st-what-youre-allally-obligally-obligated-to-disclose\/?fbclid=IwAR2ibO-DUkw9g6Jw2qKUOBp0mFPCWMN_4QuDDGUAWA (opens in a new tab)\">https:\/\/globalnews.ca\/news\/3796984\/have-an-st-what-youre-allally-obligally-obligated-to-disclose\/?fbclid=IwAR2ibO-DUkw9g6Jw2qKUOBp0mFPCWMN_4QuDDGUAWA<\/a>\nCliquez ici pour consulter la politique p\u00e9nale de la division p\u00e9nale de la Colombie-Britannique et du minist\u00e8re du Procureur g\u00e9n\u00e9ral sur les maladies transmises sexuellement.<br \/>\n<a href=\"https:\/\/www2.gov.bc.ca\/assets\/gov\/law-crime-and-justice\/criminal-justice\/prosecution-service\/crown-counsel-policy-manual\/sex-2-sexually-transmitted-dansmitted-diseases.pdf?fbclid=IwAR24r8ratcgEbmrctdZAwqbIfb1SXQGsqcaFsyZpggheC8KhdrGZ0k0GOXA\" target=\"_blank\" rel=\"noreferrer noopener\" aria-label=\"https:\/\/www2.gov.bc.ca\/assets\/gov\/law-crime-and-justice\/criminal-justice\/prosecution-service\/crown-counsel-policy-manual\/sex-2-sexually-transmitted-dansmitted-diseases.pdf?fbclid=IwAR24r8ratcgEbmrctdZAwqbIfb1SXQGsqcaFsyZpggheC8KhdrGZ0k0GOXA (opens in a new tab)\">https:\/\/www2.gov.bc.ca\/assets\/gov\/law-crime-and-justice\/criminal-justice\/prosecution-service\/crown-counsel-policy-manual\/sex-2-sexually-transmitted-dansmitted-diseases.pdf?fbclid=IwAR24r8ratcgEbmrctdZAwqbIfb1SXQGsqcaFsyZpggheC8KhdrGZ0k0GOXA<\/a>\nCliquez ici pour l&rsquo;article de Hamilton Spectator sur Les cons\u00e9quences juridiques de la non-divulgation d&rsquo;une ITS<br \/>\n<a href=\"https:\/\/www.thespec.com\/living-story\/7500994-the-legal-consequences-of-not-disclosing-an-sti\/?fbclid=iwar0jovplpnq6n7b6t81cwtyormoqbvwfnpyb37tglggya\" target=\"_blank\" rel=\"noreferrer noopener\" aria-label=\"https:\/\/www.thespec.com\/living-story\/7500994-the-legal-consequences-of-not-disclosing-an-sti\/?fbclid=iwar0jovplpnq6n7b6t81cwtyormoqbvwfnpyb37tglggya (opens in a new tab)\">https:\/\/www.thespec.com\/living-story\/7500994-the-legal-consequences-of-not-disclosing-an-sti\/?fbclid=iwar0jovplpnq6n7b6t81cwtyormoqbvwfnpyb37tglggya<\/a>\nCliquez ici pour voir ce que dit un avocat de la d\u00e9fense au sujet de la transmission d&rsquo;une MST: lois et sanctions p\u00e9nales<br \/>\n<a href=\"https:\/\/www.criminaldefenselawyer.com\/resources\/transmitting-std-criminal-laws-penalties.htm?fbclid=IwAR3nHXRBqM-aebIAR7c6OQWhiS0Cq0igha7BSrjIFvhgi4fpvdggi4fpb\" target=\"_blank\" rel=\"noreferrer noopener\" aria-label=\"https:\/\/www.criminaldefenselawyer.com\/resources\/transmitting-std-criminal-laws-penalties.htm?fbclid=IwAR3nHXRBqM-aebIAR7c6OQWhiS0Cq0igha7BSrjIFvhgi4fpvdggi4fpb (opens in a new tab)\">https:\/\/www.criminaldefenselawyer.com\/resources\/transmitting-std-criminal-laws-penalties.htm?fbclid=IwAR3nHXRBqM-aebIAR7c6OQWhiS0Cq0igha7BSrjIFvhgi4fpvdggi4fpb<\/a>\nCliquez ici pour voir l&rsquo;article de Psychology Today sur le viol par la tromperie, l&rsquo;inconduite sexuelle par le mensonge ou par la r\u00e9tention<br \/>\n<a href=\"https:\/\/www.psychologytoday.com\/ca\/blog\/the-mysteries-love\/201712\/rape-deception?fbclid=IwAR3NPXxhJxT_mEU8bYft-SBKLp1LLTa2lVAjdojJrkWYTZFWGQWGGU\" target=\"_blank\" rel=\"noreferrer noopener\" aria-label=\"https:\/\/www.psychologytoday.com\/ca\/blog\/the-mysteries-love\/201712\/rape-deception?fbclid=IwAR3NPXxhJxT_mEU8bYft-SBKLp1LLTa2lVAjdojJrkWYTZFWGQWGGU (opens in a new tab)\">https:\/\/www.psychologytoday.com\/ca\/blog\/the-mysteries-love\/201712\/rape-deception?fbclid=IwAR3NPXxhJxT_mEU8bYft-SBKLp1LLTa2lVAjdojJrkWYTZFWGQWGGU<\/a>\nContactez-nous \u00e0: email: <a href=\"mailto:stopmarchnow@gmail.com\">stopmarchnow@gmail.com<\/a> ou par t\u00e9l\u00e9phone:<br \/>\n(437) 344-4148\n","protected":false},"excerpt":{"rendered":"<p>Cas de Fraude Cliquez ici pour un article de CBC sur la GRC \u00e0 la recherche de nouvelles victimes apr\u00e8s&hellip;<\/p>\n","protected":false},"author":1,"featured_media":442,"parent":454,"menu_order":0,"comment_status":"closed","ping_status":"closed","template":"","meta":{"footnotes":""},"_links":{"self":[{"href":"http:\/\/stopthemarchmadness.com\/fr\/wp-json\/wp\/v2\/pages\/460"}],"collection":[{"href":"http:\/\/stopthemarchmadness.com\/fr\/wp-json\/wp\/v2\/pages"}],"about":[{"href":"http:\/\/stopthemarchmadness.com\/fr\/wp-json\/wp\/v2\/types\/page"}],"author":[{"embeddable":true,"href":"http:\/\/stopthemarchmadness.com\/fr\/wp-json\/wp\/v2\/users\/1"}],"replies":[{"embeddable":true,"href":"http:\/\/stopthemarchmadness.com\/fr\/wp-json\/wp\/v2\/comments?post=460"}],"version-history":[{"count":3,"href":"http:\/\/stopthemarchmadness.com\/fr\/wp-json\/wp\/v2\/pages\/460\/revisions"}],"predecessor-version":[{"id":633,"href":"http:\/\/stopthemarchmadness.com\/fr\/wp-json\/wp\/v2\/pages\/460\/revisions\/633"}],"up":[{"embeddable":true,"href":"http:\/\/stopthemarchmadness.com\/fr\/wp-json\/wp\/v2\/pages\/454"}],"wp:featuredmedia":[{"embeddable":true,"href":"http:\/\/stopthemarchmadness.com\/fr\/wp-json\/wp\/v2\/media\/442"}],"wp:attachment":[{"href":"http:\/\/stopthemarchmadness.com\/fr\/wp-json\/wp\/v2\/media?parent=460"}],"curies":[{"name":"wp","href":"https:\/\/api.w.org\/{rel}","templated":true}]}}