{"id":456,"date":"2019-02-15T01:16:19","date_gmt":"2019-02-15T01:16:19","guid":{"rendered":"http:\/\/stopthemarchmadness.com\/?page_id=456"},"modified":"2019-02-28T20:40:48","modified_gmt":"2019-02-28T20:40:48","slug":"psychology-of-the-con","status":"publish","type":"page","link":"http:\/\/stopthemarchmadness.com\/fr\/fraud-recovery\/psychology-of-the-con\/","title":{"rendered":"PYCHOLOGIE DU CON"},"content":{"rendered":"\n<p>Cliquez ici pour l&rsquo;article sur Qu&rsquo;est-ce qu&rsquo;un arnaqueur recherche dans une arnaque de Fraud Aid<br><a href=\"http:\/\/www.fraudaid.com\/backstage\/victims_con_artists_look_for.htm?\" target=\"_blank\" rel=\"noreferrer noopener\" aria-label=\"http:\/\/www.fraudaid.com\/backstage\/victims_con_artists_look_for.htm? (opens in a new tab)\">http:\/\/www.fraudaid.com\/backstage\/victims_con_artists_look_for.htm?<\/a><\/p>\n\n\n\n<p>Cliquez ici pour un article sur Vous pensez que vous n\u2019avez pas \u00e9t\u00e9 touch\u00e9 par un sociopathe? La nouvelle \u00abmorale de base\u00bb par Carlene M. Wentworth, PH.D., LPC<br><a href=\"http:\/\/drcarlenewentworth.com\/body\/bottomlinemorality\/?fbclid=IwAR1r8l7osyirJZLeMKLW392Rxy6MMUOD-qShyTWW-LqjoNuM7fxRD-hpceU\" target=\"_blank\" rel=\"noreferrer noopener\" aria-label=\"http:\/\/drcarlenewentworth.com\/body\/bottomlinemorality\/?fbclid=IwAR1r8l7osyirJZLeMKLW392Rxy6MMUOD-qShyTWW-LqjoNuM7fxRD-hpceU (opens in a new tab)\">http:\/\/drcarlenewentworth.com\/body\/bottomlinemorality\/?fbclid=IwAR1r8l7osyirJZLeMKLW392Rxy6MMUOD-qShyTWW-LqjoNuM7fxRD-hpceU<\/a><\/p>\n\n\n\n<p>Cliquez ici pour l&rsquo;article sur The Psychopaths de Andrew Newton\u2019s<br><a href=\"https:\/\/www.newtonhypnosis.com\/the-psychopaths\/?fbclid=IwAR3i3voKUehMdliSysp1QOczWAukhrrRg1T0prPp_CGSwr4YhKhr0onka9k\" target=\"_blank\" rel=\"noreferrer noopener\" aria-label=\"https:\/\/www.newtonhypnosis.com\/the-psychopaths\/?fbclid=IwAR3i3voKUehMdliSysp1QOczWAukhrrRg1T0prPp_CGSwr4YhKhr0onka9k (opens in a new tab)\">https:\/\/www.newtonhypnosis.com\/the-psychopaths\/?fbclid=IwAR3i3voKUehMdliSysp1QOczWAukhrrRg1T0prPp_CGSwr4YhKhr0onka9k<\/a><\/p>\n\n\n\n<p>Cliquez ici pour lire l&rsquo;article de Todard Todays sur Comment rep\u00e9rer un sociopathe en 3 \u00e9tapes<br><a href=\"https:\/\/www.psychologytoday.com\/ca\/blog\/5-types-people-who-can-ruin-your-life\/201803\/how-spot-sociopath-in-3-steps?fbclid=IwAR3PO36kSvkT07kGwtkmwmk\" target=\"_blank\" rel=\"noreferrer noopener\" aria-label=\"https:\/\/www.psychologytoday.com\/ca\/blog\/5-types-people-who-can-ruin-your-life\/201803\/how-spot-sociopath-in-3-steps?fbclid=IwAR3PO36kSvkT07kGwtkmwmk (opens in a new tab)\">https:\/\/www.psychologytoday.com\/ca\/blog\/5-types-people-who-can-ruin-your-life\/201803\/how-spot-sociopath-in-3-steps?fbclid=IwAR3PO36kSvkT07kGwtkmwmk<\/a><\/p>\n\n\n\n<p>Cliquez ici pour lire l\u2019article de Health sur 9 mani\u00e8res de rep\u00e9rer un sociopathe<br><a href=\"https:\/\/www.health.com\/mind-body\/sociopath-traits?fbclid=IwAR0Jq-v8fBHWknQbJC_XOGVpXqMt9r1bqQ-HjNJdgICpKcuQyxW9xV9Pk9w\" target=\"_blank\" rel=\"noreferrer noopener\" aria-label=\"https:\/\/www.health.com\/mind-body\/sociopath-traits?fbclid=IwAR0Jq-v8fBHWknQbJC_XOGVpXqMt9r1bqQ-HjNJdgICpKcuQyxW9xV9Pk9w (opens in a new tab)\">https:\/\/www.health.com\/mind-body\/sociopath-traits?fbclid=IwAR0Jq-v8fBHWknQbJC_XOGVpXqMt9r1bqQ-HjNJdgICpKcuQyxW9xV9Pk9w<\/a><\/p>\n\n\n\n<p>Cliquez ici pour le Profil du sociopathe de Macafee<br><a href=\"https:\/\/www.mcafee.cc\/Bin\/sb.html?fbclid=IwAR1r8l7osyirJZLeMKLW392Rxy6MMUOD-qShyTWW-LqjoNuM7fxRD-hpceU\" target=\"_blank\" rel=\"noreferrer noopener\" aria-label=\"https:\/\/www.mcafee.cc\/Bin\/sb.html?fbclid=IwAR1r8l7osyirJZLeMKLW392Rxy6MMUOD-qShyTWW-LqjoNuM7fxRD-hpceU (opens in a new tab)\">https:\/\/www.mcafee.cc\/Bin\/sb.html?fbclid=IwAR1r8l7osyirJZLeMKLW392Rxy6MMUOD-qShyTWW-LqjoNuM7fxRD-hpceU<\/a><\/p>\n\n\n\n<p>Contactez-nous \u00e0: email: <a href=\"mailto:stopmarchnow@gmail.com\">stopmarchnow@gmail.com<\/a> ou par t\u00e9l\u00e9phone:<br>(437) 344-4148<\/p>\n","protected":false},"excerpt":{"rendered":"<p>Cliquez ici pour l&rsquo;article sur Qu&rsquo;est-ce qu&rsquo;un arnaqueur recherche dans une arnaque de Fraud Aidhttp:\/\/www.fraudaid.com\/backstage\/victims_con_artists_look_for.htm? Cliquez ici pour un article&hellip;<\/p>\n","protected":false},"author":1,"featured_media":442,"parent":454,"menu_order":0,"comment_status":"closed","ping_status":"closed","template":"","meta":{"footnotes":""},"_links":{"self":[{"href":"http:\/\/stopthemarchmadness.com\/fr\/wp-json\/wp\/v2\/pages\/456"}],"collection":[{"href":"http:\/\/stopthemarchmadness.com\/fr\/wp-json\/wp\/v2\/pages"}],"about":[{"href":"http:\/\/stopthemarchmadness.com\/fr\/wp-json\/wp\/v2\/types\/page"}],"author":[{"embeddable":true,"href":"http:\/\/stopthemarchmadness.com\/fr\/wp-json\/wp\/v2\/users\/1"}],"replies":[{"embeddable":true,"href":"http:\/\/stopthemarchmadness.com\/fr\/wp-json\/wp\/v2\/comments?post=456"}],"version-history":[{"count":1,"href":"http:\/\/stopthemarchmadness.com\/fr\/wp-json\/wp\/v2\/pages\/456\/revisions"}],"predecessor-version":[{"id":457,"href":"http:\/\/stopthemarchmadness.com\/fr\/wp-json\/wp\/v2\/pages\/456\/revisions\/457"}],"up":[{"embeddable":true,"href":"http:\/\/stopthemarchmadness.com\/fr\/wp-json\/wp\/v2\/pages\/454"}],"wp:featuredmedia":[{"embeddable":true,"href":"http:\/\/stopthemarchmadness.com\/fr\/wp-json\/wp\/v2\/media\/442"}],"wp:attachment":[{"href":"http:\/\/stopthemarchmadness.com\/fr\/wp-json\/wp\/v2\/media?parent=456"}],"curies":[{"name":"wp","href":"https:\/\/api.w.org\/{rel}","templated":true}]}}