{"id":454,"date":"2019-02-15T01:13:10","date_gmt":"2019-02-15T01:13:10","guid":{"rendered":"http:\/\/stopthemarchmadness.com\/?page_id=454"},"modified":"2019-03-05T03:50:17","modified_gmt":"2019-03-05T03:50:17","slug":"fraud-recovery","status":"publish","type":"page","link":"http:\/\/stopthemarchmadness.com\/fr\/fraud-recovery\/","title":{"rendered":"Fraud Recovery (Francais)"},"content":{"rendered":"\n\t<h2><strong>R\u00e9cup\u00e9ration de fraude<\/strong><\/h2>\n<p><a href=\"what-to-do-once-conned\/\">Que faire une fois tromp\u00e9<\/a><\/p>\n<p><a href=\"self-defence\/\">Auto d\u00e9fense<\/a><\/p>\n<p><a href=\"home-safety\/\">S\u00c9CURIT\u00c9 \u00c0 LA MAISON<\/a><\/p>\n<p><a href=\"similar-cases\/\">Cas Similaires<\/a><\/p>\n<p><a href=\"psychology-of-the-con\/\">Pychologie du Con<\/a><\/p>\n<p><a href=\"..\/..\/wp-content\/uploads\/2019\/02\/Trust-Taking-Possession-and-Control-Sociopath-Hypnosis-Soothing-Core-Soul-Wounds-_-Dating-a-Sociopath.francais.pdf\" target=\"_blank\" rel=\"noreferrer noopener\" aria-label=\"Trusting-Taking Possession and Control (opens in a new tab)\">Confiance &#8211; Prise de possession et contr\u00f4le &#8211; Hypnose sociopathe apaisante plaie essentielle<\/a><\/p>\n<p><a href=\"..\/..\/wp-content\/uploads\/2019\/03\/pcawa-safety-handbook.francais.pdf\" target=\"_blank\" rel=\"noopener\">PCAWA Safety Handbook<\/a><\/p>\n<p><a href=\"victim-reactions-to-trauma\/\">r\u00e9action des victimes au traumatisme<\/a><\/p>\n<p><a href=\"http:\/\/stopthemarchmadness.com\/fr\/fraud-recovery\/vs-safety-planning\/\">VS s\u00e9curit\u00e9 planning<\/a><\/p>\n<p><a href=\"victims-advice\/\">Avis de la Victime<\/a><\/p>\n","protected":false},"excerpt":{"rendered":"<p>R\u00e9cup\u00e9ration de fraude Que faire une fois tromp\u00e9 Auto d\u00e9fense S\u00c9CURIT\u00c9 \u00c0 LA MAISON Cas Similaires Pychologie du Con Confiance&hellip;<\/p>\n","protected":false},"author":1,"featured_media":442,"parent":0,"menu_order":0,"comment_status":"closed","ping_status":"closed","template":"","meta":{"footnotes":""},"_links":{"self":[{"href":"http:\/\/stopthemarchmadness.com\/fr\/wp-json\/wp\/v2\/pages\/454"}],"collection":[{"href":"http:\/\/stopthemarchmadness.com\/fr\/wp-json\/wp\/v2\/pages"}],"about":[{"href":"http:\/\/stopthemarchmadness.com\/fr\/wp-json\/wp\/v2\/types\/page"}],"author":[{"embeddable":true,"href":"http:\/\/stopthemarchmadness.com\/fr\/wp-json\/wp\/v2\/users\/1"}],"replies":[{"embeddable":true,"href":"http:\/\/stopthemarchmadness.com\/fr\/wp-json\/wp\/v2\/comments?post=454"}],"version-history":[{"count":13,"href":"http:\/\/stopthemarchmadness.com\/fr\/wp-json\/wp\/v2\/pages\/454\/revisions"}],"predecessor-version":[{"id":752,"href":"http:\/\/stopthemarchmadness.com\/fr\/wp-json\/wp\/v2\/pages\/454\/revisions\/752"}],"wp:featuredmedia":[{"embeddable":true,"href":"http:\/\/stopthemarchmadness.com\/fr\/wp-json\/wp\/v2\/media\/442"}],"wp:attachment":[{"href":"http:\/\/stopthemarchmadness.com\/fr\/wp-json\/wp\/v2\/media?parent=454"}],"curies":[{"name":"wp","href":"https:\/\/api.w.org\/{rel}","templated":true}]}}