{"id":403,"date":"2019-02-07T06:38:24","date_gmt":"2019-02-07T06:38:24","guid":{"rendered":"http:\/\/stopthemarchmadness.com\/?page_id=403"},"modified":"2019-02-28T20:40:48","modified_gmt":"2019-02-28T20:40:48","slug":"types-de-cons","status":"publish","type":"page","link":"http:\/\/stopthemarchmadness.com\/fr\/fraud-protection\/types-de-cons\/","title":{"rendered":"Types De Cons"},"content":{"rendered":"\n<h2 class=\"wp-block-heading\">Carte de cr\u00e9dit<\/h2>\n\n\n\n<p>Cliquez ici pour la fraude par carte de cr\u00e9dit du gouvernement du Canada<br><a href=\"https:\/\/www.canada.ca\/fr\/financial-consumer-agency\/services\/credit-fraud.html\" target=\"_blank\" rel=\"noreferrer noopener\" aria-label=\"https:\/\/www.canada.ca\/fr\/financial-consumer-agency\/services\/credit-fraud.html (opens in a new tab)\">https:\/\/www.canada.ca\/fr\/financial-consumer-agency\/services\/credit-fraud.html<\/a><\/p>\n\n\n\n<p>Cliquez ici pour obtenir des conseils judicieux en mati\u00e8re de s\u00e9curit\u00e9 Visa pour pr\u00e9venir la fraude.<br><a href=\"https:\/\/www.visasecuritysense.com\/en_US\/preventing-fraud.jsp\" target=\"_blank\" rel=\"noreferrer noopener\" aria-label=\"https:\/\/www.visasecuritysense.com\/en_US\/preventing-fraud.jsp (opens in a new tab)\">https:\/\/www.visasecuritysense.com\/en_US\/preventing-fraud.jsp<\/a><\/p>\n\n\n\n<p>Cliquez ici pour voir la balance Des moyens simples d&rsquo;\u00e9viter la fraude par carte de cr\u00e9dit<br><a href=\"https:\/\/www.thebalance.com\/ways-avoid-credit-card-fraud-960797\" target=\"_blank\" rel=\"noreferrer noopener\" aria-label=\"https:\/\/www.thebalance.com\/ways-avoid-credit-card-fraud-960797 (opens in a new tab)\">https:\/\/www.thebalance.com\/ways-avoid-credit-card-fraud-960797<\/a><\/p>\n\n\n\n<p>Cliquez ici pour le ConsumerProtect 11 Types de fraude par carte de cr\u00e9dit<br><a href=\"https:\/\/www.consumerprotect.com\/11-types-of-credit-card-fraud\/\" target=\"_blank\" rel=\"noreferrer noopener\" aria-label=\"https:\/\/www.consumerprotect.com\/11-types-of-credit-card-fraud\/ (opens in a new tab)\">https:\/\/www.consumerprotect.com\/11-types-of-credit-card-fraud\/<\/a><\/p>\n\n\n\n<p>Cliquez ici pour savoir comment se passe la fraude par carte de cr\u00e9dit et comment la pr\u00e9venir<br><a href=\"https:\/\/www.canada.ca\/fr\/financial-consumer-agency\/services\/credit-fraud.html\" target=\"_blank\" rel=\"noreferrer noopener\" aria-label=\"https:\/\/www.canada.ca\/fr\/financial-consumer-agency\/services\/credit-fraud.html (opens in a new tab)\">https:\/\/www.canada.ca\/fr\/financial-consumer-agency\/services\/credit-fraud.html<\/a><\/p>\n\n\n\n<h2 class=\"wp-block-heading\">Compte bancaire<\/h2>\n\n\n\n<p>Cliquez ici pour les stratag\u00e8mes et les escroqueries de RBC<br><a href=\"https:\/\/www.rbc.com\/privacysecurity\/ca\/schemes-and-scams.html\" target=\"_blank\" rel=\"noreferrer noopener\" aria-label=\"https:\/\/www.rbc.com\/privacysecurity\/ca\/schemes-and-scams.html (opens in a new tab)\">https:\/\/www.rbc.com\/privacysecurity\/ca\/schemes-and-scams.html<\/a><\/p>\n\n\n\n<p>Cliquez ici pour d&rsquo;autres exemples de fraude courants \u00e0 la Banque CIBC<br><a href=\"https:\/\/www.cibc.com\/fr\/privacy-security\/other-common-fraud-examples.html\" target=\"_blank\" rel=\"noreferrer noopener\" aria-label=\"https:\/\/www.cibc.com\/fr\/privacy-security\/other-common-fraud-examples.html (opens in a new tab)\">https:\/\/www.cibc.com\/fr\/privacy-security\/other-common-fraud-examples.html<\/a><\/p>\n\n\n\n<p>Cliquez ici pour le Finder Prot\u00e9gez votre argent des escroqueries par virement bancaire<br><a href=\"https:\/\/www.finder.com\/money-transfer-scams\" target=\"_blank\" rel=\"noreferrer noopener\" aria-label=\"https:\/\/www.finder.com\/money-transfer-scams (opens in a new tab)\">https:\/\/www.finder.com\/money-transfer-scams<\/a><\/p>\n\n\n\n<p>Cliquez ici pour les nouvelles am\u00e9ricaines 5 escroqueries qui ciblent votre compte bancaire<br><a href=\"https:\/\/money.usnews.com\/money\/blogs\/my-money\/2015\/01\/23\/5-scams-that-target-your-bank-account\" target=\"_blank\" rel=\"noreferrer noopener\" aria-label=\"https:\/\/money.usnews.com\/money\/blogs\/my-money\/2015\/01\/23\/5-scams-that-target-your-bank-account (opens in a new tab)\">https:\/\/money.usnews.com\/money\/blogs\/my-money\/2015\/01\/23\/5-scams-that-target-your-bank-account<\/a><\/p>\n\n\n\n<p>Cliquez ici pour des ressources sur la fraude financi\u00e8re<br><a href=\"http:\/\/victimsofcrime.org\/our-programs\/financial-crime-resource-center\/fraud-resources\" target=\"_blank\" rel=\"noreferrer noopener\" aria-label=\"http:\/\/victimsofcrime.org\/our-programs\/financial-crime-resource-center\/fraud-resources (opens in a new tab)\">http:\/\/victimsofcrime.org\/our-programs\/financial-crime-resource-center\/fraud-resources<\/a><\/p>\n\n\n\n<h2 class=\"wp-block-heading\">Escroquerie d&rsquo;investissement<\/h2>\n\n\n\n<p>Cliquez ici pour les 8 escroqueries en mati\u00e8re d&rsquo;investissement courantes de la Commission des valeurs mobili\u00e8res de l&rsquo;Ontario<br><a href=\"https:\/\/www.getsmarteraboutmoney.ca\/protect-your-argent\/fraud\/protecting-against-fraud\/8-common-investment-scams\" target=\"_blank\" rel=\"noreferrer noopener\" aria-label=\"https:\/\/www.getsmarteraboutmoney.ca\/protect-your-argent\/fraud\/protecting-against-fraud\/8-common-investment-scams (opens in a new tab)\">https:\/\/www.getsmarteraboutmoney.ca\/protect-your-argent\/fraud\/protecting-against-fraud\/8-common-investment-scams<\/a><\/p>\n\n\n\n<p>Cliquez ici pour la montre australienne de la concurrence et de la commission des consommateurs<br><a href=\"https:\/\/www.scamwatch.gov.au\/get-help\/protect-yourself-from-scams\" target=\"_blank\" rel=\"noreferrer noopener\" aria-label=\"https:\/\/www.scamwatch.gov.au\/get-help\/protect-yourself-from-scams (opens in a new tab)\">https:\/\/www.scamwatch.gov.au\/get-help\/protect-yourself-from-scams<\/a><\/p>\n\n\n\n<p>Cliquez ici pour les escroqueries du gouvernement dans les centres anti-fraude<br><a href=\"http:\/\/www.antifraudcentre-centreantifraude.ca\/fraud-escroquerie\/types\/investment-investissement\/index-fra.htm\" target=\"_blank\" rel=\"noreferrer noopener\" aria-label=\"http:\/\/www.antifraudcentre-centreantifraude.ca\/fraud-escroquerie\/types\/investment-investissement\/index-fra.htm (opens in a new tab)\">http:\/\/www.antifraudcentre-centreantifraude.ca\/fraud-escroquerie\/types\/investment-investissement\/index-fra.htm<\/a><\/p>\n\n\n\n<p>Cliquez ici pour Global Bullion Prelude: les 10 principales escroqueries en mati\u00e8re d&rsquo;investissement au Canada, allant de l&rsquo;\u00e9vident au plus complexe<br><a href=\"https:\/\/www.globalbullionsuppliers.com\/top-10-investment-scams-in-canada-and-united-states\/\" target=\"_blank\" rel=\"noreferrer noopener\" aria-label=\"https:\/\/www.globalbullionsuppliers.com\/top-10-investment-scams-in-canada-and-united-states\/ (opens in a new tab)\">https:\/\/www.globalbullionsuppliers.com\/top-10-investment-scams-in-canada-and-united-states\/<\/a><\/p>\n\n\n\n<h2 class=\"wp-block-heading\">Romance<\/h2>\n\n\n\n<p>Cliquez ici pour les nouvelles Escroqueries romantiques Imposters en ligne briser les c\u0153urs et les comptes bancaires<br><a href=\"https:\/\/www.fbi.gov\/news\/stories\/romance-scams\" target=\"_blank\" rel=\"noreferrer noopener\" aria-label=\"https:\/\/www.fbi.gov\/news\/stories\/romance-scams (opens in a new tab)\">https:\/\/www.fbi.gov\/news\/stories\/romance-scams<\/a><\/p>\n\n\n\n<p>Cliquez ici pour Scam Watch Dating and Romance de la Commission australienne de la concurrence et des consommateurs<br><a href=\"https:\/\/www.scamwatch.gov.au\/types-of-scams\/dating-romance\" target=\"_blank\" rel=\"noreferrer noopener\" aria-label=\"https:\/\/www.scamwatch.gov.au\/types-of-scams\/dating-romance (opens in a new tab)\">https:\/\/www.scamwatch.gov.au\/types-of-scams\/dating-romance<\/a><\/p>\n\n\n\n<p>Cliquez ici le bureau du procureur g\u00e9n\u00e9ral du Minnesota sur les rencontres en ligne et l&rsquo;escroquerie romantique<br><a href=\"https:\/\/www.ag.state.mn.us\/consumer\/Publications\/OnlineDatingRomanceScams.asp\" target=\"_blank\" rel=\"noreferrer noopener\" aria-label=\"https:\/\/www.ag.state.mn.us\/consumer\/Publications\/OnlineDatingRomanceScams.asp (opens in a new tab)\">https:\/\/www.ag.state.mn.us\/consumer\/Publications\/OnlineDatingRomanceScams.asp<\/a><\/p>\n\n\n\n<p>Cliquez ici pour consulter les rapports de consommateurs. Comment \u00e9viter une arnaque \u00e0 la romance avec les sites de rencontre en ligne<br><a href=\"https:\/\/www.consumerreports.org\/dating-relationships\/online-dating-romance-scams\/\" target=\"_blank\" rel=\"noreferrer noopener\" aria-label=\"https:\/\/www.consumerreports.org\/dating-relationships\/online-dating-romance-scams\/ (opens in a new tab)\">https:\/\/www.consumerreports.org\/dating-relationships\/online-dating-romance-scams\/<\/a><\/p>\n\n\n\n<p>Pi\u00e8ges \u00e9motionnels \u00e0 surveiller:<br><a href=\"https:\/\/www.abc.net.au\/news\/2017-02-27\/psychology-of-scams\/83060600\" target=\"_blank\" rel=\"noreferrer noopener\" aria-label=\"https:\/\/www.abc.net.au\/news\/2017-02-27\/psychology-of-scams\/83060600 (opens in a new tab)\">https:\/\/www.abc.net.au\/news\/2017-02-27\/psychology-of-scams\/83060600<\/a><\/p>\n\n\n\n<p>Article de presse sur 6 panneaux d&rsquo;alerte \u00e0 surveiller:<br><a href=\"https:\/\/www.cbc.ca\/news\/canada\/new-brunswick\/real-life-romance-scams-1.4000679\" target=\"_blank\" rel=\"noreferrer noopener\" aria-label=\"https:\/\/www.cbc.ca\/news\/canada\/new-brunswick\/real-life-romance-scams-1.4000679 (opens in a new tab)\">https:\/\/www.cbc.ca\/news\/canada\/new-brunswick\/real-life-romance-scams-1.4000679<\/a><\/p>\n\n\n\n<h2 class=\"wp-block-heading\">Fraude \u00e0 la maladie<\/h2>\n\n\n\n<p>Cliquez ici pour Psychology Today Fraude sur le cancer: Les personnes qui simulent la maladie pour escroquer les autres, gagner la sympathie, devenir riche et \u00e9viter d&rsquo;autres probl\u00e8mes<br><a href=\"https:\/\/www.psychologytoday.com\/ca\/blog\/the-human-equation\/201001\/cancer-fraud-people-who-fake-illness-scam-others-gain-sympathy-get\" target=\"_blank\" rel=\"noreferrer noopener\" aria-label=\"https:\/\/www.psychologytoday.com\/ca\/blog\/the-human-equation\/201001\/cancer-fraud-people-who-fake-illness-scam-others-gain-sympathy-get (opens in a new tab)\">https:\/\/www.psychologytoday.com\/ca\/blog\/the-human-equation\/201001\/cancer-fraud-people-who-fake-illness-scam-others-gain-sympathy-get<\/a><\/p>\n\n\n\n<p>Cliquez ici pour en savoir plus sur les types courants de fraude li\u00e9e \u00e0 la maladie<br><a href=\"https:\/\/www.fda.gov\/downloads\/ForConsumers\/ProtectYourself\/HealthFraud\/UCM302359.pdf\" target=\"_blank\" rel=\"noreferrer noopener\" aria-label=\"https:\/\/www.fda.gov\/downloads\/ForConsumers\/ProtectYourself\/HealthFraud\/UCM302359.pdf (opens in a new tab)\">https:\/\/www.fda.gov\/downloads\/ForConsumers\/ProtectYourself\/HealthFraud\/UCM302359.pdf<\/a><\/p>\n\n\n\n<p>Contactez-nous \u00e0: email: <a href=\"mailto:stopmarchnow@gmail.com\">stopmarchnow@gmail.com<\/a> ou par t\u00e9l\u00e9phone: (437) 344-4148<\/p>\n","protected":false},"excerpt":{"rendered":"<p>Carte de cr\u00e9dit Cliquez ici pour la fraude par carte de cr\u00e9dit du gouvernement du Canadahttps:\/\/www.canada.ca\/fr\/financial-consumer-agency\/services\/credit-fraud.html Cliquez ici pour obtenir&hellip;<\/p>\n","protected":false},"author":1,"featured_media":347,"parent":399,"menu_order":0,"comment_status":"closed","ping_status":"closed","template":"","meta":{"footnotes":""},"_links":{"self":[{"href":"http:\/\/stopthemarchmadness.com\/fr\/wp-json\/wp\/v2\/pages\/403"}],"collection":[{"href":"http:\/\/stopthemarchmadness.com\/fr\/wp-json\/wp\/v2\/pages"}],"about":[{"href":"http:\/\/stopthemarchmadness.com\/fr\/wp-json\/wp\/v2\/types\/page"}],"author":[{"embeddable":true,"href":"http:\/\/stopthemarchmadness.com\/fr\/wp-json\/wp\/v2\/users\/1"}],"replies":[{"embeddable":true,"href":"http:\/\/stopthemarchmadness.com\/fr\/wp-json\/wp\/v2\/comments?post=403"}],"version-history":[{"count":2,"href":"http:\/\/stopthemarchmadness.com\/fr\/wp-json\/wp\/v2\/pages\/403\/revisions"}],"predecessor-version":[{"id":436,"href":"http:\/\/stopthemarchmadness.com\/fr\/wp-json\/wp\/v2\/pages\/403\/revisions\/436"}],"up":[{"embeddable":true,"href":"http:\/\/stopthemarchmadness.com\/fr\/wp-json\/wp\/v2\/pages\/399"}],"wp:featuredmedia":[{"embeddable":true,"href":"http:\/\/stopthemarchmadness.com\/fr\/wp-json\/wp\/v2\/media\/347"}],"wp:attachment":[{"href":"http:\/\/stopthemarchmadness.com\/fr\/wp-json\/wp\/v2\/media?parent=403"}],"curies":[{"name":"wp","href":"https:\/\/api.w.org\/{rel}","templated":true}]}}