{"id":397,"date":"2018-12-18T23:13:40","date_gmt":"2018-12-18T23:13:40","guid":{"rendered":"http:\/\/stopthemarchmadness.com\/?page_id=397"},"modified":"2019-03-19T19:13:41","modified_gmt":"2019-03-19T19:13:41","slug":"home","status":"publish","type":"page","link":"http:\/\/stopthemarchmadness.com\/fr\/","title":{"rendered":"Home"},"content":{"rendered":"\n<h2><strong>Web \u00e0 propos de<\/strong><\/h2>\n<p>Les victimes de fraude ont cr\u00e9\u00e9 la campagne <strong>\u00ab\u00a0Stop the March Madness!\u00a0\u00bb<\/strong> Afin d\u2019emp\u00eacher Marcel Andre Vautour, qui utilise de nombreux pseudonymes comme \u00abMarch\u00bb, de continuer \u00e0 escroquer des personnes partout au Canada. On sait que March s&rsquo;attaque aux hommes et aux femmes de partout au Canada depuis 2000. Jusqu&rsquo;\u00e0 pr\u00e9sent, huit personnes ont \u00e9t\u00e9 victimis\u00e9es. Nous pensons qu&rsquo;il y en a beaucoup d&rsquo;autres qui ne se sont pas manifest\u00e9s, car ils sont peut-\u00eatre seuls, effray\u00e9s, sans ressources et g\u00ean\u00e9s.<\/p>\n<p>Cet homme gagne bien sa vie en trouvant la \u00abmarque id\u00e9ale\u00bb, puis en fa\u00e7onnant son personnage en fonction de ses forces et de ses faiblesses. Il investit \u00e9norm\u00e9ment de temps et d\u2019argent pour gagner leur confiance sans \u00e9quivoque avant de cr\u00e9er un programme d\u2019investissement complexe, un programme de romance ou divers programmes de maladie con\u00e7us pour s\u00e9parer les personnes de leur argent.<\/p>\n<p>La campagne <strong>\u00ab\u00a0Stop the March Madness!\u00a0\u00bb<\/strong> vise \u00e0 sensibiliser le public \u00e0 March, \u00e0 ses activit\u00e9s et \u00e0 cr\u00e9er un profil personnel pour informer les autres de ses intentions frauduleuses. Une partie de la justice recherch\u00e9e par les victimes consiste \u00e0 emp\u00eacher d\u2019autres victimes de subir un pr\u00e9judice. La campagne d\u00e9veloppe \u00e9galement un syst\u00e8me de soutien pour les victimes de mars. Pour la plupart des victimes, les dommages personnels d\u00e9passent de loin les dommages financiers. Beaucoup ont tent\u00e9 de se suicider.<\/p>\n<p>Si vous souhaitez nous aider \u00e0 arr\u00eater Mars, veuillez participer et faire un don \u00e0 notre campagne. Les fonds serviront \u00e0 le localiser, \u00e0 engager une action civile contre plusieurs plaignants, \u00e0 fournir des services de conseil, de l\u00e9gitime d\u00e9fense et un autre type de soutien \u00e0 ses victimes et \u00e0 assurer la coordination avec la police dans toutes les juridictions afin de l&rsquo;int\u00e9grer au syst\u00e8me de justice p\u00e9nale.<\/p>\n\t\t\t\t<img decoding=\"async\" src=\"http:\/\/stopthemarchmadness.com\/wp-content\/plugins\/beaver-builder-lite-version\/img\/pixel.png\" alt=\"\" itemprop=\"image\" onerror=\"this.style.display='none'\">\n\t<h3><strong>Pourquoi rejoindre et agir maintenant est si important<\/strong><\/h3>\n<p>Nous aimerions que vous d\u00e9fendiez les personnes qui ne sont pas assez fortes pour se d\u00e9fendre. Ils ont d\u00e9sesp\u00e9r\u00e9ment besoin de savoir comment la v\u00e9rit\u00e9 et la bonne volont\u00e9 l\u2019emporteront. Ils doivent \u00eatre r\u00e9confort\u00e9s par le flot de soutien. Il faut leur rappeler qu&rsquo;ensemble, nous sommes incroyablement forts.<\/p>\n<p>Nous devons agir imm\u00e9diatement pour deux raisons: il travaille probablement sur un plus grand nombre de victimes en ce moment m\u00eame et peut-\u00eatre va-t-il se cacher. Nous savons qu&rsquo;il a fallu 9 longues ann\u00e9es \u00e0 deux femmes pour obtenir un sens de la justice. Nous menons une campagne m\u00e9diatique compl\u00e8te dans l\u2019espoir d\u2019arr\u00eater Mars maintenant et de le traduire en justice dans un d\u00e9lai plus raisonnable. Votre aide nous aidera \u00e0 l&#8217;emp\u00eacher de blesser plus de gens et \u00e0 sauver des vies de ses victimes actuelles et futures.<\/p>\n\t<iframe loading=\"lazy\" width=\"560\" height=\"315\" src=\"https:\/\/www.youtube.com\/embed\/WBAsFr98_Cw\" frameborder=\"0\" allow=\"accelerometer; autoplay; encrypted-media; gyroscope; picture-in-picture\" allowfullscreen=\"\"><\/iframe>\n\t\t\t\t<a href=\"http:\/\/stopthemarchmadness.com\/fr\/fraud-protection\/\" target=\"_self\" itemprop=\"url\">\n\t\t\t\t<img decoding=\"async\" src=\"http:\/\/stopthemarchmadness.com\/wp-content\/uploads\/2019\/02\/protect-yourself.jpg\" alt=\"Protect Yourself\" itemprop=\"image\" title=\"Protect Yourself\" onerror=\"this.style.display='none'\">\n\t\t\t\t<\/a>\n<h3><a href=\"http:\/\/stopthemarchmadness.com\/fr\/fraud-protection\/\" target=\"_self\">Protection contre la fraude<\/a><\/h3>\t\t\n\t\t\t<p>Conseils du gouvernement du Canada, du Centre antifraude, de l\u2019Association des banquiers et bien plus encore.<\/p>\n<a href=\"http:\/\/stopthemarchmadness.com\/fr\/fraud-protection\/\" target=\"_self\">Apprendre encore plus<\/a>\t\t\n\t\t\t\t<a href=\"http:\/\/stopthemarchmadness.com\/fraud-recovery\/\" target=\"_self\" itemprop=\"url\">\n\t\t\t\t<img decoding=\"async\" src=\"http:\/\/stopthemarchmadness.com\/wp-content\/uploads\/2019\/02\/1what-to-do.png\" alt=\"1what-to-do\" itemprop=\"image\" title=\"1what-to-do\" onerror=\"this.style.display='none'\">\n\t\t\t\t<\/a>\n<h3><a href=\"http:\/\/stopthemarchmadness.com\/fraud-recovery\/\" target=\"_self\">R\u00e9cup\u00e9ration de fraude<\/a><\/h3>\t\t\n\t\t\t<p>Que faire une fois que vous \u00eates victime de fraude pour \u00e9viter de nouveaux dommages et vous prot\u00e9ger.<\/p>\n<a href=\"http:\/\/stopthemarchmadness.com\/fraud-recovery\/\" target=\"_self\">Apprendre encore plus<\/a>\t\t\n\t\t\t\t<a href=\"http:\/\/stopthemarchmadness.com\/fraud-support\/\" target=\"_self\" itemprop=\"url\">\n\t\t\t\t<img decoding=\"async\" src=\"http:\/\/stopthemarchmadness.com\/wp-content\/uploads\/2019\/03\/fraud-support.png\" alt=\"Fraud Support\" itemprop=\"image\" title=\"Fraud Support\" onerror=\"this.style.display='none'\">\n\t\t\t\t<\/a>\n<h3><a href=\"http:\/\/stopthemarchmadness.com\/fraud-support\/\" target=\"_self\">Support de fraude<\/a><\/h3>\t\t\n\t\t\t<p>Soutien aux victimes, allant du conseil juridique et psychologique \u00e0 la s\u00e9curit\u00e9 du domicile et \u00e0 la l\u00e9gitime d\u00e9fense, en passant par la compr\u00e9hension de la psychologie du cons<\/p>\n<a href=\"http:\/\/stopthemarchmadness.com\/fraud-support\/\" target=\"_self\">Apprendre encore plus<\/a>\t\t\n\t\t<h3>AGIR MAINTENANT!!!<\/h3>\n\t\t<p>La prochaine victime pourrait \u00eatre votre s\u0153ur, m\u00e8re, fille, fr\u00e8re, p\u00e8re, fils&#8230;<\/p>\n<ul>\n<li>Partagez nos <a title=\"Contactez nous\" href=\"http:\/\/stopthemarchmadness.com\/fr\/contact\/\">informations<\/a> sur les m\u00e9dias sociaux aujourd&rsquo;hui et <strong>sauvez des vies!<\/strong><\/li>\n<li>Signalez votre fraude \u00e0 la police et \u00e0 nous aujourd&rsquo;hui!<\/li>\n<li>Contactez-nous pour faire du b\u00e9n\u00e9volat aujourd&rsquo;hui!<\/li>\n<li>Suivez nous sur <a title=\"Facebook\" href=\"https:\/\/www.facebook.com\/profile.php?id=100032937759331\" target=\"_blank\" rel=\"noopener\">Facebook<\/a>, <a title=\"Twitter\" href=\"https:\/\/twitter.com\/stopmarchnow\" target=\"_blank\" rel=\"noopener\">Twitter<\/a> et <a title=\"Instagram\" href=\"https:\/\/www.instagram.com\/stopmarchnow\" target=\"_blank\" rel=\"noopener\">Instagram<\/a>.<\/li>\n<\/ul>\n\t\t\t<a href=\"http:\/\/stopthemarchmadness.com\/fr\/contact\/\" target=\"_self\" role=\"button\">\n\t\t\t\t\t\tContactez nous\n\t\t\t\t\t<\/a>\n","protected":false},"excerpt":{"rendered":"<p>Web \u00e0 propos de Les victimes de fraude ont cr\u00e9\u00e9 la campagne \u00ab\u00a0Stop the March Madness!\u00a0\u00bb Afin d\u2019emp\u00eacher Marcel Andre&hellip;<\/p>\n","protected":false},"author":1,"featured_media":676,"parent":0,"menu_order":0,"comment_status":"closed","ping_status":"closed","template":"","meta":{"footnotes":""},"_links":{"self":[{"href":"http:\/\/stopthemarchmadness.com\/fr\/wp-json\/wp\/v2\/pages\/397"}],"collection":[{"href":"http:\/\/stopthemarchmadness.com\/fr\/wp-json\/wp\/v2\/pages"}],"about":[{"href":"http:\/\/stopthemarchmadness.com\/fr\/wp-json\/wp\/v2\/types\/page"}],"author":[{"embeddable":true,"href":"http:\/\/stopthemarchmadness.com\/fr\/wp-json\/wp\/v2\/users\/1"}],"replies":[{"embeddable":true,"href":"http:\/\/stopthemarchmadness.com\/fr\/wp-json\/wp\/v2\/comments?post=397"}],"version-history":[{"count":23,"href":"http:\/\/stopthemarchmadness.com\/fr\/wp-json\/wp\/v2\/pages\/397\/revisions"}],"predecessor-version":[{"id":792,"href":"http:\/\/stopthemarchmadness.com\/fr\/wp-json\/wp\/v2\/pages\/397\/revisions\/792"}],"wp:featuredmedia":[{"embeddable":true,"href":"http:\/\/stopthemarchmadness.com\/fr\/wp-json\/wp\/v2\/media\/676"}],"wp:attachment":[{"href":"http:\/\/stopthemarchmadness.com\/fr\/wp-json\/wp\/v2\/media?parent=397"}],"curies":[{"name":"wp","href":"https:\/\/api.w.org\/{rel}","templated":true}]}}